{"id":252738,"date":"2024-09-29T10:00:37","date_gmt":"2024-09-29T10:00:37","guid":{"rendered":"https:\/\/irankiuzona.lt\/product\/terksliniu-raktu-komplektas-su-perjungimu-8-19mm-12daliu-xcess\/"},"modified":"2026-04-13T09:41:04","modified_gmt":"2026-04-13T09:41:04","slug":"terksliniu-raktu-komplektas-su-perjungimu-8-19mm-12daliu-xcess","status":"publish","type":"product","link":"https:\/\/irankiuzona.lt\/ru\/product\/terksliniu-raktu-komplektas-su-perjungimu-8-19mm-12daliu-xcess\/","title":{"rendered":"Terk\u0161lini\u0173 rakt\u0173 komplektas su perjungimu 8-19mm \/ 12dali\u0173 \/ Xcess"},"content":{"rendered":"<p>Komplekte:\u00a08, 9, 10, 11, 12, 13, 14, 15, 16, 17, 18, 19 mmchrome vanadium steel \/\u00a0satin finish<\/p>","protected":false},"excerpt":{"rendered":"<p>Terk\u0161lini\u0173 rakt\u0173 komplektas su perjungimu \/ 8-19mm \/ 12dali\u0173 rakt\u0173 komplektas \/ XcessPerformance<\/p>","protected":false},"featured_media":252740,"comment_status":"open","ping_status":"open","template":"","meta":[],"product_cat":[9610],"product_tag":[9462],"class_list":{"0":"post-252738","1":"product","2":"type-product","3":"status-publish","4":"has-post-thumbnail","6":"product_brand-condor-werkzeug-vokietija","7":"product_cat-terksliniu-raktu-komplektai","8":"product_tag-condor-werkzeug-vokietija","10":"first","11":"instock","12":"purchasable","13":"product-type-simple"},"jetpack_sharing_enabled":true,"_links":{"self":[{"href":"https:\/\/irankiuzona.lt\/ru\/wp-json\/wp\/v2\/product\/252738","targetHints":{"allow":["GET"]}}],"collection":[{"href":"https:\/\/irankiuzona.lt\/ru\/wp-json\/wp\/v2\/product"}],"about":[{"href":"https:\/\/irankiuzona.lt\/ru\/wp-json\/wp\/v2\/types\/product"}],"replies":[{"embeddable":true,"href":"https:\/\/irankiuzona.lt\/ru\/wp-json\/wp\/v2\/comments?post=252738"}],"version-history":[{"count":1,"href":"https:\/\/irankiuzona.lt\/ru\/wp-json\/wp\/v2\/product\/252738\/revisions"}],"predecessor-version":[{"id":419488,"href":"https:\/\/irankiuzona.lt\/ru\/wp-json\/wp\/v2\/product\/252738\/revisions\/419488"}],"wp:featuredmedia":[{"embeddable":true,"href":"https:\/\/irankiuzona.lt\/ru\/wp-json\/wp\/v2\/media\/252740"}],"wp:attachment":[{"href":"https:\/\/irankiuzona.lt\/ru\/wp-json\/wp\/v2\/media?parent=252738"}],"wp:term":[{"taxonomy":"product_cat","embeddable":true,"href":"https:\/\/irankiuzona.lt\/ru\/wp-json\/wp\/v2\/product_cat?post=252738"},{"taxonomy":"product_tag","embeddable":true,"href":"https:\/\/irankiuzona.lt\/ru\/wp-json\/wp\/v2\/product_tag?post=252738"}],"curies":[{"name":"wp","href":"https:\/\/api.w.org\/{rel}","templated":true}]}}