{"id":252783,"date":"2024-09-29T10:00:42","date_gmt":"2024-09-29T10:00:42","guid":{"rendered":"https:\/\/irankiuzona.lt\/product\/verzliaracio-prailginimo-adapteris-1-2\/"},"modified":"2026-04-10T22:54:30","modified_gmt":"2026-04-10T22:54:30","slug":"verzliaracio-prailginimo-adapteris-1-2","status":"publish","type":"product","link":"https:\/\/irankiuzona.lt\/ru\/product\/verzliaracio-prailginimo-adapteris-1-2\/","title":{"rendered":"Ver\u017eliara\u010dio prailginimo adapteris 1\/2"},"content":{"rendered":"<p>Ypatingai suprojektuotas prailgintojas ver\u017eliarak\u010diams, \u0161e\u0161iakampiams raktams ir kt.Med\u017eiaga Cr-VDydis: 1\/2 \u201cL = 340 mm<\/p>","protected":false},"excerpt":{"rendered":"<p>Ver\u017eliara\u010dio prailginimo adapteris 1\/2 lizdu \/ 340mm ilgio<\/p>","protected":false},"featured_media":252785,"comment_status":"open","ping_status":"open","template":"","meta":[],"product_cat":[9611],"product_tag":[9435],"class_list":{"0":"post-252783","1":"product","2":"type-product","3":"status-publish","4":"has-post-thumbnail","6":"product_brand-kinija","7":"product_cat-spec-raktai","8":"product_tag-kinija","10":"first","11":"instock","12":"purchasable","13":"product-type-simple"},"jetpack_sharing_enabled":true,"_links":{"self":[{"href":"https:\/\/irankiuzona.lt\/ru\/wp-json\/wp\/v2\/product\/252783","targetHints":{"allow":["GET"]}}],"collection":[{"href":"https:\/\/irankiuzona.lt\/ru\/wp-json\/wp\/v2\/product"}],"about":[{"href":"https:\/\/irankiuzona.lt\/ru\/wp-json\/wp\/v2\/types\/product"}],"replies":[{"embeddable":true,"href":"https:\/\/irankiuzona.lt\/ru\/wp-json\/wp\/v2\/comments?post=252783"}],"version-history":[{"count":1,"href":"https:\/\/irankiuzona.lt\/ru\/wp-json\/wp\/v2\/product\/252783\/revisions"}],"predecessor-version":[{"id":419502,"href":"https:\/\/irankiuzona.lt\/ru\/wp-json\/wp\/v2\/product\/252783\/revisions\/419502"}],"wp:featuredmedia":[{"embeddable":true,"href":"https:\/\/irankiuzona.lt\/ru\/wp-json\/wp\/v2\/media\/252785"}],"wp:attachment":[{"href":"https:\/\/irankiuzona.lt\/ru\/wp-json\/wp\/v2\/media?parent=252783"}],"wp:term":[{"taxonomy":"product_cat","embeddable":true,"href":"https:\/\/irankiuzona.lt\/ru\/wp-json\/wp\/v2\/product_cat?post=252783"},{"taxonomy":"product_tag","embeddable":true,"href":"https:\/\/irankiuzona.lt\/ru\/wp-json\/wp\/v2\/product_tag?post=252783"}],"curies":[{"name":"wp","href":"https:\/\/api.w.org\/{rel}","templated":true}]}}