{"id":252786,"date":"2024-09-29T10:00:42","date_gmt":"2024-09-29T10:00:42","guid":{"rendered":"https:\/\/irankiuzona.lt\/product\/ratu-verzliu-atsukejas-su-atbuliniu-plaktuku\/"},"modified":"2026-04-08T14:57:11","modified_gmt":"2026-04-08T14:57:11","slug":"ratu-verzliu-atsukejas-su-atbuliniu-plaktuku","status":"publish","type":"product","link":"https:\/\/irankiuzona.lt\/ru\/product\/ratu-verzliu-atsukejas-su-atbuliniu-plaktuku\/","title":{"rendered":"Rat\u0173 ver\u017eli\u0173 atsuk\u0117jas su atbuliniu plaktuku"},"content":{"rendered":"<p>\u012erankis skirtas pa\u0161alinti specialius ar pa\u017eeistus rato u\u017eraktus. \u0160lifavimas, gr\u0119\u017eimas ar kitas budas pa\u0161alinti pa\u017eeistus u\u017eraktus \u012fprastai sugadina ratlank\u012f. Rato u\u017erakto pa\u0161alinimo \u012frankis leid\u017eia per kelias minutes pa\u0161alinti pa\u017eeistus rato u\u017eraktus nepa\u017eeid\u017eiant rato.\u00a0Patogus prikepusi\u0173 var\u017et\u0173 &quot;atkalimo&quot; \u012frankis<br \/>\nAtbulinis plaktukas 1.55 kg<\/p>","protected":false},"excerpt":{"rendered":"<p>Pa\u017eeist\u0173 rat\u0173 ver\u017eli\u0173 ir var\u017et\u0173 atsuk\u0117jas su atbuliniu plaktuku<\/p>","protected":false},"featured_media":252788,"comment_status":"open","ping_status":"open","template":"","meta":[],"product_cat":[9492],"product_tag":[9435],"class_list":{"0":"post-252786","1":"product","2":"type-product","3":"status-publish","4":"has-post-thumbnail","6":"product_brand-kinija","7":"product_cat-ratu-varztams-galvutes-raktai-sepeciai","8":"product_tag-kinija","10":"first","11":"outofstock","12":"purchasable","13":"product-type-simple"},"jetpack_sharing_enabled":true,"_links":{"self":[{"href":"https:\/\/irankiuzona.lt\/ru\/wp-json\/wp\/v2\/product\/252786","targetHints":{"allow":["GET"]}}],"collection":[{"href":"https:\/\/irankiuzona.lt\/ru\/wp-json\/wp\/v2\/product"}],"about":[{"href":"https:\/\/irankiuzona.lt\/ru\/wp-json\/wp\/v2\/types\/product"}],"replies":[{"embeddable":true,"href":"https:\/\/irankiuzona.lt\/ru\/wp-json\/wp\/v2\/comments?post=252786"}],"version-history":[{"count":1,"href":"https:\/\/irankiuzona.lt\/ru\/wp-json\/wp\/v2\/product\/252786\/revisions"}],"predecessor-version":[{"id":419503,"href":"https:\/\/irankiuzona.lt\/ru\/wp-json\/wp\/v2\/product\/252786\/revisions\/419503"}],"wp:featuredmedia":[{"embeddable":true,"href":"https:\/\/irankiuzona.lt\/ru\/wp-json\/wp\/v2\/media\/252788"}],"wp:attachment":[{"href":"https:\/\/irankiuzona.lt\/ru\/wp-json\/wp\/v2\/media?parent=252786"}],"wp:term":[{"taxonomy":"product_cat","embeddable":true,"href":"https:\/\/irankiuzona.lt\/ru\/wp-json\/wp\/v2\/product_cat?post=252786"},{"taxonomy":"product_tag","embeddable":true,"href":"https:\/\/irankiuzona.lt\/ru\/wp-json\/wp\/v2\/product_tag?post=252786"}],"curies":[{"name":"wp","href":"https:\/\/api.w.org\/{rel}","templated":true}]}}