{"id":252828,"date":"2024-09-29T10:00:46","date_gmt":"2024-09-29T10:00:46","guid":{"rendered":"https:\/\/irankiuzona.lt\/product\/darbinis-puskombinezonis-fabian-tamsiai-pilkas-dydis-s\/"},"modified":"2026-04-12T17:35:12","modified_gmt":"2026-04-12T17:35:12","slug":"darbinis-puskombinezonis-fabian-tamsiai-pilkas-dydis-s","status":"publish","type":"product","link":"https:\/\/irankiuzona.lt\/ru\/product\/darbinis-puskombinezonis-fabian-tamsiai-pilkas-dydis-s\/","title":{"rendered":"DARBINIS PUSKOMBINEZONIS FABIAN TAMSIAI PILKAS DYDIS S"},"content":{"rendered":"<p>Charakteristikos<br \/>\nmed\u017eiaga: TC audinys, 65% poliesteris, 35% medviln\u0117;\u00a0190 g\/m2;gaminys atitinka standart\u0105 EN ISO 13688;2 vir\u0161utin\u0117s ki\u0161en\u0117s ir 1 kr\u016btin\u0117s ki\u0161en\u0117 su atvartu;galimyb\u0117 prailginti kelnes;reguliuojamos petne\u0161os su elastine juosta;nugaros juosmens reguliavimas su elastine juostele ir sagomis kelni\u0173 \u0161one;kilpos;\u0161vies\u0105 atspindintys elementai &#8211; kelni\u0173 priekyje;tamsiai pilka spalva;galima skalbti 60\u00b0C temperat\u016broje;universalus pritaikymas lengvojoje pramon\u0117je, automobili\u0173 pramon\u0117je, transporte ir logistikoje,idealiai tinka renovacijai, statybai, sand\u0117liavimui, servisui ir techniniams darbams.<\/p>","protected":false},"excerpt":{"rendered":"<p>DARBINIS PUSKOMBINEZONIS FABIAN TAMSIAI PILKAS DYDIS S<\/p>","protected":false},"featured_media":252830,"comment_status":"open","ping_status":"open","template":"","meta":[],"product_cat":[10006],"product_tag":[9969],"class_list":{"0":"post-252828","1":"product","2":"type-product","3":"status-publish","4":"has-post-thumbnail","6":"product_brand-hogert-technik-vokietija","7":"product_cat-darbiniai-puskombinezoniai","8":"product_tag-hogert-technik-vokietija","10":"first","11":"instock","12":"purchasable","13":"product-type-simple"},"jetpack_sharing_enabled":true,"_links":{"self":[{"href":"https:\/\/irankiuzona.lt\/ru\/wp-json\/wp\/v2\/product\/252828","targetHints":{"allow":["GET"]}}],"collection":[{"href":"https:\/\/irankiuzona.lt\/ru\/wp-json\/wp\/v2\/product"}],"about":[{"href":"https:\/\/irankiuzona.lt\/ru\/wp-json\/wp\/v2\/types\/product"}],"replies":[{"embeddable":true,"href":"https:\/\/irankiuzona.lt\/ru\/wp-json\/wp\/v2\/comments?post=252828"}],"version-history":[{"count":1,"href":"https:\/\/irankiuzona.lt\/ru\/wp-json\/wp\/v2\/product\/252828\/revisions"}],"predecessor-version":[{"id":419517,"href":"https:\/\/irankiuzona.lt\/ru\/wp-json\/wp\/v2\/product\/252828\/revisions\/419517"}],"wp:featuredmedia":[{"embeddable":true,"href":"https:\/\/irankiuzona.lt\/ru\/wp-json\/wp\/v2\/media\/252830"}],"wp:attachment":[{"href":"https:\/\/irankiuzona.lt\/ru\/wp-json\/wp\/v2\/media?parent=252828"}],"wp:term":[{"taxonomy":"product_cat","embeddable":true,"href":"https:\/\/irankiuzona.lt\/ru\/wp-json\/wp\/v2\/product_cat?post=252828"},{"taxonomy":"product_tag","embeddable":true,"href":"https:\/\/irankiuzona.lt\/ru\/wp-json\/wp\/v2\/product_tag?post=252828"}],"curies":[{"name":"wp","href":"https:\/\/api.w.org\/{rel}","templated":true}]}}