{"id":252834,"date":"2024-09-29T10:00:46","date_gmt":"2024-09-29T10:00:46","guid":{"rendered":"https:\/\/irankiuzona.lt\/product\/darbines-kelnes-fabian-dydis-4xl\/"},"modified":"2026-04-12T19:51:00","modified_gmt":"2026-04-12T19:51:00","slug":"darbines-kelnes-fabian-dydis-4xl","status":"publish","type":"product","link":"https:\/\/irankiuzona.lt\/ru\/product\/darbines-kelnes-fabian-dydis-4xl\/","title":{"rendered":"DARBIN\u0116S KELN\u0116S FABIAN DYDIS 4XL"},"content":{"rendered":"<p>Charakteristikos<br \/>\nmed\u017eiaga: TC audinys, 65% poliesteris, 35% medviln\u0117;\u00a0190 g\/m\u00b2;pagamintas pagal EN ISO 13688;2 vir\u0161utin\u0117s ki\u0161en\u0117s ir 1 u\u017epakalin\u0117 ki\u0161en\u0117;galimyb\u0117 prailginti kelnes;nugaros juosmens reguliavimas elastine juostele,\u00a0kuri padidina jud\u0117jimo laisv\u0119 ir leid\u017eia geriau priglusti;sagomis u\u017esegamas juosmuo, u\u017etrauktukas u\u017esegamas;kilpos;\u0161vies\u0105 atspindintys elementai \u2013 kelni\u0173 nugar\u0117l\u0117je;\u0161viesiai pilka spalva;galima skalbti 60\u00b0C temperat\u016broje;universalus pritaikymas lengvojoje pramon\u0117je, automobili\u0173 pramon\u0117je, transporte ir logistikoje,idealiai tinka renovacijai, statybai, sand\u0117liavimui, servisui ir techniniams darbams.<\/p>","protected":false},"excerpt":{"rendered":"<p>DARBIN\u0116S KELN\u0116S FABIAN DYDIS 4XL<\/p>","protected":false},"featured_media":252836,"comment_status":"open","ping_status":"open","template":"","meta":[],"product_cat":[9992],"product_tag":[9969],"class_list":{"0":"post-252834","1":"product","2":"type-product","3":"status-publish","4":"has-post-thumbnail","6":"product_brand-hogert-technik-vokietija","7":"product_cat-darbines-kelnes","8":"product_tag-hogert-technik-vokietija","10":"first","11":"instock","12":"purchasable","13":"product-type-simple"},"jetpack_sharing_enabled":true,"_links":{"self":[{"href":"https:\/\/irankiuzona.lt\/ru\/wp-json\/wp\/v2\/product\/252834","targetHints":{"allow":["GET"]}}],"collection":[{"href":"https:\/\/irankiuzona.lt\/ru\/wp-json\/wp\/v2\/product"}],"about":[{"href":"https:\/\/irankiuzona.lt\/ru\/wp-json\/wp\/v2\/types\/product"}],"replies":[{"embeddable":true,"href":"https:\/\/irankiuzona.lt\/ru\/wp-json\/wp\/v2\/comments?post=252834"}],"version-history":[{"count":1,"href":"https:\/\/irankiuzona.lt\/ru\/wp-json\/wp\/v2\/product\/252834\/revisions"}],"predecessor-version":[{"id":419519,"href":"https:\/\/irankiuzona.lt\/ru\/wp-json\/wp\/v2\/product\/252834\/revisions\/419519"}],"wp:featuredmedia":[{"embeddable":true,"href":"https:\/\/irankiuzona.lt\/ru\/wp-json\/wp\/v2\/media\/252836"}],"wp:attachment":[{"href":"https:\/\/irankiuzona.lt\/ru\/wp-json\/wp\/v2\/media?parent=252834"}],"wp:term":[{"taxonomy":"product_cat","embeddable":true,"href":"https:\/\/irankiuzona.lt\/ru\/wp-json\/wp\/v2\/product_cat?post=252834"},{"taxonomy":"product_tag","embeddable":true,"href":"https:\/\/irankiuzona.lt\/ru\/wp-json\/wp\/v2\/product_tag?post=252834"}],"curies":[{"name":"wp","href":"https:\/\/api.w.org\/{rel}","templated":true}]}}