{"id":252885,"date":"2024-09-29T10:00:52","date_gmt":"2024-09-29T10:00:52","guid":{"rendered":"https:\/\/irankiuzona.lt\/product\/tobias-marskineliai-baltos-spalvos-medvilniniai-dydis-l\/"},"modified":"2026-04-12T06:05:16","modified_gmt":"2026-04-12T06:05:16","slug":"tobias-marskineliai-baltos-spalvos-medvilniniai-dydis-l","status":"publish","type":"product","link":"https:\/\/irankiuzona.lt\/ru\/product\/tobias-marskineliai-baltos-spalvos-medvilniniai-dydis-l\/","title":{"rendered":"Tobias mar\u0161kin\u0117liai baltos spalvos medvilniniai, dydis L"},"content":{"rendered":"<p>med\u017eiaga: 100% medviln\u0117, 250 g\/m\u00b2;<\/p>","protected":false},"excerpt":{"rendered":"<p>Tobias mar\u0161kin\u0117liai baltos spalvos medvilniniai, dydis L<\/p>","protected":false},"featured_media":252887,"comment_status":"open","ping_status":"open","template":"","meta":[],"product_cat":[10063],"product_tag":[9969],"class_list":{"0":"post-252885","1":"product","2":"type-product","3":"status-publish","4":"has-post-thumbnail","6":"product_brand-hogert-technik-vokietija","7":"product_cat-darbiniai-marskineliai","8":"product_tag-hogert-technik-vokietija","10":"first","11":"instock","12":"purchasable","13":"product-type-simple"},"jetpack_sharing_enabled":true,"_links":{"self":[{"href":"https:\/\/irankiuzona.lt\/ru\/wp-json\/wp\/v2\/product\/252885","targetHints":{"allow":["GET"]}}],"collection":[{"href":"https:\/\/irankiuzona.lt\/ru\/wp-json\/wp\/v2\/product"}],"about":[{"href":"https:\/\/irankiuzona.lt\/ru\/wp-json\/wp\/v2\/types\/product"}],"replies":[{"embeddable":true,"href":"https:\/\/irankiuzona.lt\/ru\/wp-json\/wp\/v2\/comments?post=252885"}],"version-history":[{"count":1,"href":"https:\/\/irankiuzona.lt\/ru\/wp-json\/wp\/v2\/product\/252885\/revisions"}],"predecessor-version":[{"id":419536,"href":"https:\/\/irankiuzona.lt\/ru\/wp-json\/wp\/v2\/product\/252885\/revisions\/419536"}],"wp:featuredmedia":[{"embeddable":true,"href":"https:\/\/irankiuzona.lt\/ru\/wp-json\/wp\/v2\/media\/252887"}],"wp:attachment":[{"href":"https:\/\/irankiuzona.lt\/ru\/wp-json\/wp\/v2\/media?parent=252885"}],"wp:term":[{"taxonomy":"product_cat","embeddable":true,"href":"https:\/\/irankiuzona.lt\/ru\/wp-json\/wp\/v2\/product_cat?post=252885"},{"taxonomy":"product_tag","embeddable":true,"href":"https:\/\/irankiuzona.lt\/ru\/wp-json\/wp\/v2\/product_tag?post=252885"}],"curies":[{"name":"wp","href":"https:\/\/api.w.org\/{rel}","templated":true}]}}