{"id":252921,"date":"2024-09-29T10:00:56","date_gmt":"2024-09-29T10:00:56","guid":{"rendered":"https:\/\/irankiuzona.lt\/product\/puskombizonis-neperslampantis-geltonas-3xl-58\/"},"modified":"2026-03-03T12:15:51","modified_gmt":"2026-03-03T12:15:51","slug":"puskombizonis-neperslampantis-geltonas-3xl-58","status":"publish","type":"product","link":"https:\/\/irankiuzona.lt\/ru\/product\/puskombizonis-neperslampantis-geltonas-3xl-58\/","title":{"rendered":"Puskombizonis neper\u0161lampantis geltonas 3XL (58)"},"content":{"rendered":"<p>\u0160vies\u0105 atspindin\u010dios detal\u0117sSezoni\u0161kumas: pavasaris \/ vasaraEN 343 3 klas\u0117 1EN ISO 20471 1 klas\u0117Pagrindin\u0117 med\u017eiagos sud\u0117tis: 100% poliesteris<\/p>","protected":false},"excerpt":{"rendered":"<p>Puskombizonis VOLME neper\u0161lampantis geltonas3XL dydis<\/p>","protected":false},"featured_media":252923,"comment_status":"open","ping_status":"open","template":"","meta":[],"product_cat":[10006],"product_tag":[9969],"class_list":{"0":"post-252921","1":"product","2":"type-product","3":"status-publish","4":"has-post-thumbnail","6":"product_brand-hogert-technik-vokietija","7":"product_cat-darbiniai-puskombinezoniai","8":"product_tag-hogert-technik-vokietija","10":"first","11":"outofstock","12":"purchasable","13":"product-type-simple"},"jetpack_sharing_enabled":true,"_links":{"self":[{"href":"https:\/\/irankiuzona.lt\/ru\/wp-json\/wp\/v2\/product\/252921","targetHints":{"allow":["GET"]}}],"collection":[{"href":"https:\/\/irankiuzona.lt\/ru\/wp-json\/wp\/v2\/product"}],"about":[{"href":"https:\/\/irankiuzona.lt\/ru\/wp-json\/wp\/v2\/types\/product"}],"replies":[{"embeddable":true,"href":"https:\/\/irankiuzona.lt\/ru\/wp-json\/wp\/v2\/comments?post=252921"}],"version-history":[{"count":1,"href":"https:\/\/irankiuzona.lt\/ru\/wp-json\/wp\/v2\/product\/252921\/revisions"}],"predecessor-version":[{"id":419548,"href":"https:\/\/irankiuzona.lt\/ru\/wp-json\/wp\/v2\/product\/252921\/revisions\/419548"}],"wp:featuredmedia":[{"embeddable":true,"href":"https:\/\/irankiuzona.lt\/ru\/wp-json\/wp\/v2\/media\/252923"}],"wp:attachment":[{"href":"https:\/\/irankiuzona.lt\/ru\/wp-json\/wp\/v2\/media?parent=252921"}],"wp:term":[{"taxonomy":"product_cat","embeddable":true,"href":"https:\/\/irankiuzona.lt\/ru\/wp-json\/wp\/v2\/product_cat?post=252921"},{"taxonomy":"product_tag","embeddable":true,"href":"https:\/\/irankiuzona.lt\/ru\/wp-json\/wp\/v2\/product_tag?post=252921"}],"curies":[{"name":"wp","href":"https:\/\/api.w.org\/{rel}","templated":true}]}}