{"id":252936,"date":"2024-09-29T10:00:58","date_gmt":"2024-09-29T10:00:58","guid":{"rendered":"https:\/\/irankiuzona.lt\/product\/kojines-saar-trump-sviesiai-pilkos-zalios43-44dyd\/"},"modified":"2026-03-31T19:47:16","modified_gmt":"2026-03-31T19:47:16","slug":"kojines-saar-trump-sviesiai-pilkos-zalios43-44dyd","status":"publish","type":"product","link":"https:\/\/irankiuzona.lt\/ru\/product\/kojines-saar-trump-sviesiai-pilkos-zalios43-44dyd\/","title":{"rendered":"Kojin\u0117s SAAR trump \u0161viesiai pilkos\/\u017ealios43\/44dyd."},"content":{"rendered":"<p>. universalios darbo kojin\u0117s;. \u0161viesiai pilka spalva su \u017ealiais intarpais;. auk\u0161tis nuo kulno: apie 7 cm;. med\u017eiaga: 78% medviln\u0117, 15% poliamidas, 5% polipropilenas, 2% elastanas;. Supakuotos 3 poros.<\/p>","protected":false},"excerpt":{"rendered":"<p>Kojin\u0117s SAAR trump \u0161viesiai pilkos\/\u017ealios43\/44dyd.<\/p>","protected":false},"featured_media":252938,"comment_status":"open","ping_status":"open","template":"","meta":[],"product_cat":[10047],"product_tag":[9969],"class_list":{"0":"post-252936","1":"product","2":"type-product","3":"status-publish","4":"has-post-thumbnail","6":"product_brand-hogert-technik-vokietija","7":"product_cat-darbines-kojines","8":"product_tag-hogert-technik-vokietija","10":"first","11":"outofstock","12":"purchasable","13":"product-type-simple"},"jetpack_sharing_enabled":true,"_links":{"self":[{"href":"https:\/\/irankiuzona.lt\/ru\/wp-json\/wp\/v2\/product\/252936","targetHints":{"allow":["GET"]}}],"collection":[{"href":"https:\/\/irankiuzona.lt\/ru\/wp-json\/wp\/v2\/product"}],"about":[{"href":"https:\/\/irankiuzona.lt\/ru\/wp-json\/wp\/v2\/types\/product"}],"replies":[{"embeddable":true,"href":"https:\/\/irankiuzona.lt\/ru\/wp-json\/wp\/v2\/comments?post=252936"}],"version-history":[{"count":1,"href":"https:\/\/irankiuzona.lt\/ru\/wp-json\/wp\/v2\/product\/252936\/revisions"}],"predecessor-version":[{"id":419553,"href":"https:\/\/irankiuzona.lt\/ru\/wp-json\/wp\/v2\/product\/252936\/revisions\/419553"}],"wp:featuredmedia":[{"embeddable":true,"href":"https:\/\/irankiuzona.lt\/ru\/wp-json\/wp\/v2\/media\/252938"}],"wp:attachment":[{"href":"https:\/\/irankiuzona.lt\/ru\/wp-json\/wp\/v2\/media?parent=252936"}],"wp:term":[{"taxonomy":"product_cat","embeddable":true,"href":"https:\/\/irankiuzona.lt\/ru\/wp-json\/wp\/v2\/product_cat?post=252936"},{"taxonomy":"product_tag","embeddable":true,"href":"https:\/\/irankiuzona.lt\/ru\/wp-json\/wp\/v2\/product_tag?post=252936"}],"curies":[{"name":"wp","href":"https:\/\/api.w.org\/{rel}","templated":true}]}}