{"id":252951,"date":"2024-09-29T10:00:59","date_gmt":"2024-09-29T10:00:59","guid":{"rendered":"https:\/\/irankiuzona.lt\/product\/darbiniai-batai-s1psrc-40-dydis\/"},"modified":"2026-03-03T12:15:58","modified_gmt":"2026-03-03T12:15:58","slug":"darbiniai-batai-s1psrc-40-dydis","status":"publish","type":"product","link":"https:\/\/irankiuzona.lt\/ru\/product\/darbiniai-batai-s1psrc-40-dydis\/","title":{"rendered":"DARBINIAI BATAI, S1P,SRC 40 dydis"},"content":{"rendered":"<p>. pagaminta pagal standart\u0105, nurodant\u012f reikalavimus apsauginei avalynei \u2013 ISO 20345: 2011;. saugos avalyn\u0117s, skirtos naudoti darbe, kategorija \u2013 S1P;. turi neslidumo savybes \u2013 SRC;. pagamintas i\u0161 nat\u016bralios odos;. turi antielektrostatini\u0173 savybi\u0173;. sustiprintas kulnas;. pamu\u0161alas i\u0161 kv\u0117puojan\u010dio tinklinio audinio, u\u017etikrinantis ger\u0105 v\u0117dinim\u0105;. plieninis pir\u0161t\u0173 dangtelis, skirtas pagerinti koj\u0173 pir\u0161t\u0173 apsaug\u0105;. atsparus dyzelinui ir tepalams;. megztas pamu\u0161alas.<\/p>","protected":false},"excerpt":{"rendered":"<p>DARBINIAI BATAI, S1P,SRC 40 dydis<\/p>","protected":false},"featured_media":252953,"comment_status":"open","ping_status":"open","template":"","meta":[],"product_cat":[10008],"product_tag":[9969],"class_list":{"0":"post-252951","1":"product","2":"type-product","3":"status-publish","4":"has-post-thumbnail","6":"product_brand-hogert-technik-vokietija","7":"product_cat-darbo-batai","8":"product_tag-hogert-technik-vokietija","10":"first","11":"outofstock","12":"purchasable","13":"product-type-simple"},"jetpack_sharing_enabled":true,"_links":{"self":[{"href":"https:\/\/irankiuzona.lt\/ru\/wp-json\/wp\/v2\/product\/252951","targetHints":{"allow":["GET"]}}],"collection":[{"href":"https:\/\/irankiuzona.lt\/ru\/wp-json\/wp\/v2\/product"}],"about":[{"href":"https:\/\/irankiuzona.lt\/ru\/wp-json\/wp\/v2\/types\/product"}],"replies":[{"embeddable":true,"href":"https:\/\/irankiuzona.lt\/ru\/wp-json\/wp\/v2\/comments?post=252951"}],"version-history":[{"count":1,"href":"https:\/\/irankiuzona.lt\/ru\/wp-json\/wp\/v2\/product\/252951\/revisions"}],"predecessor-version":[{"id":419557,"href":"https:\/\/irankiuzona.lt\/ru\/wp-json\/wp\/v2\/product\/252951\/revisions\/419557"}],"wp:featuredmedia":[{"embeddable":true,"href":"https:\/\/irankiuzona.lt\/ru\/wp-json\/wp\/v2\/media\/252953"}],"wp:attachment":[{"href":"https:\/\/irankiuzona.lt\/ru\/wp-json\/wp\/v2\/media?parent=252951"}],"wp:term":[{"taxonomy":"product_cat","embeddable":true,"href":"https:\/\/irankiuzona.lt\/ru\/wp-json\/wp\/v2\/product_cat?post=252951"},{"taxonomy":"product_tag","embeddable":true,"href":"https:\/\/irankiuzona.lt\/ru\/wp-json\/wp\/v2\/product_tag?post=252951"}],"curies":[{"name":"wp","href":"https:\/\/api.w.org\/{rel}","templated":true}]}}