{"id":253040,"date":"2024-09-29T10:10:07","date_gmt":"2024-09-29T10:10:07","guid":{"rendered":"https:\/\/irankiuzona.lt\/product\/kepure-su-snapeliu-klaus-sviesiai-pilka\/"},"modified":"2026-05-09T11:52:37","modified_gmt":"2026-05-09T11:52:37","slug":"kepure-su-snapeliu-klaus-sviesiai-pilka","status":"publish","type":"product","link":"https:\/\/irankiuzona.lt\/ru\/product\/kepure-su-snapeliu-klaus-sviesiai-pilka\/","title":{"rendered":"Kepur\u0117 su snapeliu KLAUS \u0161viesiai pilka"},"content":{"rendered":"<p>65% poliesteris, 35% medviln\u0117190 g\/m\u00b2<\/p>","protected":false},"excerpt":{"rendered":"<p>Kepur\u0117 su snapu, reguliuojamo dyd\u017eio HOGERT. Gale atviro tipo tinklelis<\/p>","protected":false},"featured_media":253042,"comment_status":"open","ping_status":"open","template":"","meta":[],"product_cat":[10046],"product_tag":[9969],"class_list":{"0":"post-253040","1":"product","2":"type-product","3":"status-publish","4":"has-post-thumbnail","6":"product_brand-hogert-technik-vokietija","7":"product_cat-kepures","8":"product_tag-hogert-technik-vokietija","10":"first","11":"instock","12":"purchasable","13":"product-type-simple"},"jetpack_sharing_enabled":true,"_links":{"self":[{"href":"https:\/\/irankiuzona.lt\/ru\/wp-json\/wp\/v2\/product\/253040","targetHints":{"allow":["GET"]}}],"collection":[{"href":"https:\/\/irankiuzona.lt\/ru\/wp-json\/wp\/v2\/product"}],"about":[{"href":"https:\/\/irankiuzona.lt\/ru\/wp-json\/wp\/v2\/types\/product"}],"replies":[{"embeddable":true,"href":"https:\/\/irankiuzona.lt\/ru\/wp-json\/wp\/v2\/comments?post=253040"}],"version-history":[{"count":1,"href":"https:\/\/irankiuzona.lt\/ru\/wp-json\/wp\/v2\/product\/253040\/revisions"}],"predecessor-version":[{"id":419585,"href":"https:\/\/irankiuzona.lt\/ru\/wp-json\/wp\/v2\/product\/253040\/revisions\/419585"}],"wp:featuredmedia":[{"embeddable":true,"href":"https:\/\/irankiuzona.lt\/ru\/wp-json\/wp\/v2\/media\/253042"}],"wp:attachment":[{"href":"https:\/\/irankiuzona.lt\/ru\/wp-json\/wp\/v2\/media?parent=253040"}],"wp:term":[{"taxonomy":"product_cat","embeddable":true,"href":"https:\/\/irankiuzona.lt\/ru\/wp-json\/wp\/v2\/product_cat?post=253040"},{"taxonomy":"product_tag","embeddable":true,"href":"https:\/\/irankiuzona.lt\/ru\/wp-json\/wp\/v2\/product_tag?post=253040"}],"curies":[{"name":"wp","href":"https:\/\/api.w.org\/{rel}","templated":true}]}}