{"id":253076,"date":"2024-09-29T10:10:11","date_gmt":"2024-09-29T10:10:11","guid":{"rendered":"https:\/\/irankiuzona.lt\/product\/sviesa-atspindincios-darbines-kelnesneperslampamos-abens-dydis-xl\/"},"modified":"2026-05-06T22:40:18","modified_gmt":"2026-05-06T22:40:18","slug":"sviesa-atspindincios-darbines-kelnesneperslampamos-abens-dydis-xl","status":"publish","type":"product","link":"https:\/\/irankiuzona.lt\/ru\/product\/sviesa-atspindincios-darbines-kelnesneperslampamos-abens-dydis-xl\/","title":{"rendered":"\u0160VIES\u0104 ATSPINDIN\u010cIOS DARBIN\u0116S KELN\u0116S,NEPER\u0160LAMPAMOS ABENS DYDIS XL"},"content":{"rendered":"<p>med\u017eiaga: 100% Oxford 300D poliesteris, PU danga;atsparumas vandeniui 2000 mm H2O;gaminys, atitinkantis standartus: ISO 13688, EN ISO 20471 1 klas\u0117 ir EN 343;klijuotos si\u016bl\u0117s, kad\u00a0neprasiskverbt\u0173 vanduo;\u0161vies\u0105 atspindin\u010dios juostos, u\u017etikrinan\u010dios matomum\u0105 sunkiomis s\u0105lygomis;3 ki\u0161en\u0117s: 2 \u0161onin\u0117s ki\u0161en\u0117s, 1 u\u017epakalin\u0117 ki\u0161en\u0117 su Velcro u\u017esegimu;juosmens reguliavimas elastine juostele, kuri padidina jud\u0117jimo laisv\u0119;sagomis u\u017esegamas juosmuo, u\u017etrauktukas u\u017esegamas;kilpos;kelni\u0173 kojas galima u\u017esegti iki blauzdos, kad b\u016bt\u0173 lengviau apsiauti batus, u\u017etrauktukas nematomas,\u00a0u\u017edengtas po kloste;pritaikymas pramon\u0117je, keli\u0173 tiesimo, statybos, paslaug\u0173 srityse ir pan.<\/p>","protected":false},"excerpt":{"rendered":"<p>\u0160VIES\u0104 ATSPINDIN\u010cIOS DARBIN\u0116S KELN\u0116S,NEPER\u0160LAMPAMOS ABENS DYDIS XL<\/p>","protected":false},"featured_media":253078,"comment_status":"open","ping_status":"open","template":"","meta":[],"product_cat":[10005],"product_tag":[9969],"class_list":{"0":"post-253076","1":"product","2":"type-product","3":"status-publish","4":"has-post-thumbnail","6":"product_brand-hogert-technik-vokietija","7":"product_cat-padidinto-matomumo-darbo-rubai","8":"product_tag-hogert-technik-vokietija","10":"first","11":"instock","12":"purchasable","13":"product-type-simple"},"jetpack_sharing_enabled":true,"_links":{"self":[{"href":"https:\/\/irankiuzona.lt\/ru\/wp-json\/wp\/v2\/product\/253076","targetHints":{"allow":["GET"]}}],"collection":[{"href":"https:\/\/irankiuzona.lt\/ru\/wp-json\/wp\/v2\/product"}],"about":[{"href":"https:\/\/irankiuzona.lt\/ru\/wp-json\/wp\/v2\/types\/product"}],"replies":[{"embeddable":true,"href":"https:\/\/irankiuzona.lt\/ru\/wp-json\/wp\/v2\/comments?post=253076"}],"version-history":[{"count":1,"href":"https:\/\/irankiuzona.lt\/ru\/wp-json\/wp\/v2\/product\/253076\/revisions"}],"predecessor-version":[{"id":419597,"href":"https:\/\/irankiuzona.lt\/ru\/wp-json\/wp\/v2\/product\/253076\/revisions\/419597"}],"wp:featuredmedia":[{"embeddable":true,"href":"https:\/\/irankiuzona.lt\/ru\/wp-json\/wp\/v2\/media\/253078"}],"wp:attachment":[{"href":"https:\/\/irankiuzona.lt\/ru\/wp-json\/wp\/v2\/media?parent=253076"}],"wp:term":[{"taxonomy":"product_cat","embeddable":true,"href":"https:\/\/irankiuzona.lt\/ru\/wp-json\/wp\/v2\/product_cat?post=253076"},{"taxonomy":"product_tag","embeddable":true,"href":"https:\/\/irankiuzona.lt\/ru\/wp-json\/wp\/v2\/product_tag?post=253076"}],"curies":[{"name":"wp","href":"https:\/\/api.w.org\/{rel}","templated":true}]}}