{"id":253081,"date":"2024-09-29T10:10:12","date_gmt":"2024-09-29T10:10:12","guid":{"rendered":"https:\/\/irankiuzona.lt\/product\/puskombizonis-neperslampantis-oranzinis-m-50\/"},"modified":"2026-05-06T21:44:56","modified_gmt":"2026-05-06T21:44:56","slug":"puskombizonis-neperslampantis-oranzinis-m-50","status":"publish","type":"product","link":"https:\/\/irankiuzona.lt\/ru\/product\/puskombizonis-neperslampantis-oranzinis-m-50\/","title":{"rendered":"Puskombizonis neper\u0161lampantis oran\u017einis M (50)"},"content":{"rendered":"<p>\u0160vies\u0105 atspindin\u010dios detal\u0117sSezoni\u0161kumas: pavasaris \/ vasaraEN 343 3 klas\u0117 1EN ISO 20471 1 klas\u0117Pagrindin\u0117 med\u017eiagos sud\u0117tis: 100% poliesteris<\/p>","protected":false},"excerpt":{"rendered":"<p>Puskombizonis neper\u0161lampantis oran\u017einis\u00a0M dydis<\/p>","protected":false},"featured_media":253083,"comment_status":"open","ping_status":"open","template":"","meta":[],"product_cat":[10006],"product_tag":[9969],"class_list":{"0":"post-253081","1":"product","2":"type-product","3":"status-publish","4":"has-post-thumbnail","6":"product_brand-hogert-technik-vokietija","7":"product_cat-darbiniai-puskombinezoniai","8":"product_tag-hogert-technik-vokietija","10":"first","11":"instock","12":"purchasable","13":"product-type-simple"},"jetpack_sharing_enabled":true,"_links":{"self":[{"href":"https:\/\/irankiuzona.lt\/ru\/wp-json\/wp\/v2\/product\/253081","targetHints":{"allow":["GET"]}}],"collection":[{"href":"https:\/\/irankiuzona.lt\/ru\/wp-json\/wp\/v2\/product"}],"about":[{"href":"https:\/\/irankiuzona.lt\/ru\/wp-json\/wp\/v2\/types\/product"}],"replies":[{"embeddable":true,"href":"https:\/\/irankiuzona.lt\/ru\/wp-json\/wp\/v2\/comments?post=253081"}],"version-history":[{"count":1,"href":"https:\/\/irankiuzona.lt\/ru\/wp-json\/wp\/v2\/product\/253081\/revisions"}],"predecessor-version":[{"id":419599,"href":"https:\/\/irankiuzona.lt\/ru\/wp-json\/wp\/v2\/product\/253081\/revisions\/419599"}],"wp:featuredmedia":[{"embeddable":true,"href":"https:\/\/irankiuzona.lt\/ru\/wp-json\/wp\/v2\/media\/253083"}],"wp:attachment":[{"href":"https:\/\/irankiuzona.lt\/ru\/wp-json\/wp\/v2\/media?parent=253081"}],"wp:term":[{"taxonomy":"product_cat","embeddable":true,"href":"https:\/\/irankiuzona.lt\/ru\/wp-json\/wp\/v2\/product_cat?post=253081"},{"taxonomy":"product_tag","embeddable":true,"href":"https:\/\/irankiuzona.lt\/ru\/wp-json\/wp\/v2\/product_tag?post=253081"}],"curies":[{"name":"wp","href":"https:\/\/api.w.org\/{rel}","templated":true}]}}