{"id":253084,"date":"2024-09-29T10:10:12","date_gmt":"2024-09-29T10:10:12","guid":{"rendered":"https:\/\/irankiuzona.lt\/product\/tobias-marskineliai-pilkos-spalvos-medvilniniai-dydis-m\/"},"modified":"2026-03-31T19:47:41","modified_gmt":"2026-03-31T19:47:41","slug":"tobias-marskineliai-pilkos-spalvos-medvilniniai-dydis-m","status":"publish","type":"product","link":"https:\/\/irankiuzona.lt\/ru\/product\/tobias-marskineliai-pilkos-spalvos-medvilniniai-dydis-m\/","title":{"rendered":"Tobias mar\u0161kin\u0117liai pilkos spalvos medvilniniai, dydis M"},"content":{"rendered":"<p>med\u017eiaga: 100% medviln\u0117, 250 g\/m\u00b2;<\/p>","protected":false},"excerpt":{"rendered":"<p>Tobias mar\u0161kin\u0117liai pilkos spalvos medvilniniai, dydis M<\/p>","protected":false},"featured_media":253086,"comment_status":"open","ping_status":"open","template":"","meta":[],"product_cat":[10063],"product_tag":[9969],"class_list":{"0":"post-253084","1":"product","2":"type-product","3":"status-publish","4":"has-post-thumbnail","6":"product_brand-hogert-technik-vokietija","7":"product_cat-darbiniai-marskineliai","8":"product_tag-hogert-technik-vokietija","10":"first","11":"outofstock","12":"purchasable","13":"product-type-simple"},"jetpack_sharing_enabled":true,"_links":{"self":[{"href":"https:\/\/irankiuzona.lt\/ru\/wp-json\/wp\/v2\/product\/253084","targetHints":{"allow":["GET"]}}],"collection":[{"href":"https:\/\/irankiuzona.lt\/ru\/wp-json\/wp\/v2\/product"}],"about":[{"href":"https:\/\/irankiuzona.lt\/ru\/wp-json\/wp\/v2\/types\/product"}],"replies":[{"embeddable":true,"href":"https:\/\/irankiuzona.lt\/ru\/wp-json\/wp\/v2\/comments?post=253084"}],"version-history":[{"count":1,"href":"https:\/\/irankiuzona.lt\/ru\/wp-json\/wp\/v2\/product\/253084\/revisions"}],"predecessor-version":[{"id":419600,"href":"https:\/\/irankiuzona.lt\/ru\/wp-json\/wp\/v2\/product\/253084\/revisions\/419600"}],"wp:featuredmedia":[{"embeddable":true,"href":"https:\/\/irankiuzona.lt\/ru\/wp-json\/wp\/v2\/media\/253086"}],"wp:attachment":[{"href":"https:\/\/irankiuzona.lt\/ru\/wp-json\/wp\/v2\/media?parent=253084"}],"wp:term":[{"taxonomy":"product_cat","embeddable":true,"href":"https:\/\/irankiuzona.lt\/ru\/wp-json\/wp\/v2\/product_cat?post=253084"},{"taxonomy":"product_tag","embeddable":true,"href":"https:\/\/irankiuzona.lt\/ru\/wp-json\/wp\/v2\/product_tag?post=253084"}],"curies":[{"name":"wp","href":"https:\/\/api.w.org\/{rel}","templated":true}]}}