{"id":253087,"date":"2024-09-29T10:10:13","date_gmt":"2024-09-29T10:10:13","guid":{"rendered":"https:\/\/irankiuzona.lt\/product\/striuke-apsaugine-nims-oranzine-m-50\/"},"modified":"2026-05-06T19:57:49","modified_gmt":"2026-05-06T19:57:49","slug":"striuke-apsaugine-nims-oranzine-m-50","status":"publish","type":"product","link":"https:\/\/irankiuzona.lt\/ru\/product\/striuke-apsaugine-nims-oranzine-m-50\/","title":{"rendered":"Striuk\u0117 apsaugin\u0117 NIMS oran\u017ein\u0117 M (50)"},"content":{"rendered":"<p>med\u017eiaga: 100% poliesteris, PU danga;gaminys atitinka EN ISO 13688, EN ISO 20471 2 klas\u0119 ir EN343;lipnios si\u016bl\u0117s, kad b\u016bt\u0173 i\u0161vengta vandens patekimo;fiksuotas gaubtas su 3D reguliavimu, kuris leid\u017eia reguliuoti gaubto auk\u0161t\u012f ir gyl\u012f;atspindin\u010dios juostos matomumui sunkiomis s\u0105lygomis;yra 3 ki\u0161en\u0117s:2 apatin\u0117s ki\u0161en\u0117s;1 vidin\u0117 ki\u0161en\u0117 dokumentams;rankovi\u0173 rankogaliai ir striuk\u0117s apa\u010dia yra padengti elastine juostele;pritaikymas pramon\u0117je, keli\u0173 tiesime, statyboje ir paslaugose;papildomo striuk\u0117s \u017eym\u0117jimo galimyb\u0117 (vidinis u\u017etrauktukas pamu\u0161ale, kad b\u016bt\u0173 galima lengvai prisijungti).<\/p>","protected":false},"excerpt":{"rendered":"<p>Striuk\u0117 apsaugin\u0117 NIMS oran\u017ein\u0117 M (50)<\/p>","protected":false},"featured_media":253089,"comment_status":"open","ping_status":"open","template":"","meta":[],"product_cat":[10004],"product_tag":[9969],"class_list":{"0":"post-253087","1":"product","2":"type-product","3":"status-publish","4":"has-post-thumbnail","6":"product_brand-hogert-technik-vokietija","7":"product_cat-darbines-striukes","8":"product_tag-hogert-technik-vokietija","10":"first","11":"instock","12":"purchasable","13":"product-type-simple"},"jetpack_sharing_enabled":true,"_links":{"self":[{"href":"https:\/\/irankiuzona.lt\/ru\/wp-json\/wp\/v2\/product\/253087","targetHints":{"allow":["GET"]}}],"collection":[{"href":"https:\/\/irankiuzona.lt\/ru\/wp-json\/wp\/v2\/product"}],"about":[{"href":"https:\/\/irankiuzona.lt\/ru\/wp-json\/wp\/v2\/types\/product"}],"replies":[{"embeddable":true,"href":"https:\/\/irankiuzona.lt\/ru\/wp-json\/wp\/v2\/comments?post=253087"}],"version-history":[{"count":1,"href":"https:\/\/irankiuzona.lt\/ru\/wp-json\/wp\/v2\/product\/253087\/revisions"}],"predecessor-version":[{"id":419601,"href":"https:\/\/irankiuzona.lt\/ru\/wp-json\/wp\/v2\/product\/253087\/revisions\/419601"}],"wp:featuredmedia":[{"embeddable":true,"href":"https:\/\/irankiuzona.lt\/ru\/wp-json\/wp\/v2\/media\/253089"}],"wp:attachment":[{"href":"https:\/\/irankiuzona.lt\/ru\/wp-json\/wp\/v2\/media?parent=253087"}],"wp:term":[{"taxonomy":"product_cat","embeddable":true,"href":"https:\/\/irankiuzona.lt\/ru\/wp-json\/wp\/v2\/product_cat?post=253087"},{"taxonomy":"product_tag","embeddable":true,"href":"https:\/\/irankiuzona.lt\/ru\/wp-json\/wp\/v2\/product_tag?post=253087"}],"curies":[{"name":"wp","href":"https:\/\/api.w.org\/{rel}","templated":true}]}}