{"id":253174,"date":"2024-09-29T10:10:22","date_gmt":"2024-09-29T10:10:22","guid":{"rendered":"https:\/\/irankiuzona.lt\/product\/darbines-kelnes-fabian-tamsiai-pilkos-dydis-m\/"},"modified":"2026-03-31T19:47:53","modified_gmt":"2026-03-31T19:47:53","slug":"darbines-kelnes-fabian-tamsiai-pilkos-dydis-m","status":"publish","type":"product","link":"https:\/\/irankiuzona.lt\/ru\/product\/darbines-kelnes-fabian-tamsiai-pilkos-dydis-m\/","title":{"rendered":"DARBIN\u0116S KELN\u0116S FABIAN TAMSIAI PILKOS DYDIS M"},"content":{"rendered":"<p>Charakteristikos<br \/>\nkeln\u0117s su tvirtu pynimu, 190 g \/ m2;med\u017eiaga: TC audinys, 65% poliesteris, 35% medviln\u0117;pagamintas pagal CE standart\u0105;2 vir\u0161utin\u0117s ki\u0161en\u0117s ir 1 u\u017epakalin\u0117 ki\u0161en\u0117;galimyb\u0117 prailginti kelnes;nugaros juosmens reguliavimas elastine juostele, kuri padidina jud\u0117jimo laisv\u0119 ir leid\u017eia geriau priglusti;sagomis u\u017esegamas juosmuo, u\u017etrauktukas u\u017esegamas;kilpos;\u0161vies\u0105 atspindintys elementai &#8211; kelni\u0173 nugaroje;tamsiai pilka spalva;galima skalbti 60\u00b0C temperat\u016broje;universalus pritaikymas lengvojoje pramon\u0117je, automobili\u0173, transporto ir logistikos srityse, idealiai tinka renovacijai,statybos, sand\u0117liavimo, serviso ir techniniai darbai.<\/p>","protected":false},"excerpt":{"rendered":"<p>DARBIN\u0116S KELN\u0116S FABIAN TAMSIAI PILKOS DYDIS M<\/p>","protected":false},"featured_media":253176,"comment_status":"open","ping_status":"open","template":"","meta":[],"product_cat":[9992],"product_tag":[9969],"class_list":{"0":"post-253174","1":"product","2":"type-product","3":"status-publish","4":"has-post-thumbnail","6":"product_brand-hogert-technik-vokietija","7":"product_cat-darbines-kelnes","8":"product_tag-hogert-technik-vokietija","10":"first","11":"outofstock","12":"purchasable","13":"product-type-simple"},"jetpack_sharing_enabled":true,"_links":{"self":[{"href":"https:\/\/irankiuzona.lt\/ru\/wp-json\/wp\/v2\/product\/253174","targetHints":{"allow":["GET"]}}],"collection":[{"href":"https:\/\/irankiuzona.lt\/ru\/wp-json\/wp\/v2\/product"}],"about":[{"href":"https:\/\/irankiuzona.lt\/ru\/wp-json\/wp\/v2\/types\/product"}],"replies":[{"embeddable":true,"href":"https:\/\/irankiuzona.lt\/ru\/wp-json\/wp\/v2\/comments?post=253174"}],"version-history":[{"count":1,"href":"https:\/\/irankiuzona.lt\/ru\/wp-json\/wp\/v2\/product\/253174\/revisions"}],"predecessor-version":[{"id":419630,"href":"https:\/\/irankiuzona.lt\/ru\/wp-json\/wp\/v2\/product\/253174\/revisions\/419630"}],"wp:featuredmedia":[{"embeddable":true,"href":"https:\/\/irankiuzona.lt\/ru\/wp-json\/wp\/v2\/media\/253176"}],"wp:attachment":[{"href":"https:\/\/irankiuzona.lt\/ru\/wp-json\/wp\/v2\/media?parent=253174"}],"wp:term":[{"taxonomy":"product_cat","embeddable":true,"href":"https:\/\/irankiuzona.lt\/ru\/wp-json\/wp\/v2\/product_cat?post=253174"},{"taxonomy":"product_tag","embeddable":true,"href":"https:\/\/irankiuzona.lt\/ru\/wp-json\/wp\/v2\/product_tag?post=253174"}],"curies":[{"name":"wp","href":"https:\/\/api.w.org\/{rel}","templated":true}]}}