{"id":253185,"date":"2024-09-29T10:10:23","date_gmt":"2024-09-29T10:10:23","guid":{"rendered":"https:\/\/irankiuzona.lt\/product\/darbinis-puskombinezonis-fabian-tamsiai-melynas-dydis-4xl\/"},"modified":"2026-04-14T23:12:34","modified_gmt":"2026-04-14T23:12:34","slug":"darbinis-puskombinezonis-fabian-tamsiai-melynas-dydis-4xl","status":"publish","type":"product","link":"https:\/\/irankiuzona.lt\/ru\/product\/darbinis-puskombinezonis-fabian-tamsiai-melynas-dydis-4xl\/","title":{"rendered":"DARBINIS PUSKOMBINEZONIS FABIAN TAMSIAI M\u0116LYNAS DYDIS 4XL"},"content":{"rendered":"<p>Produkto\u00a0charakteristikos:<br \/>\nmed\u017eiaga: TC audinys, 65% poliesteris, 35% medviln\u0117;\u00a0190 g\/m\u00b2;pagamintas pagal EN ISO 13688;2 vir\u0161utin\u0117s ki\u0161en\u0117s ir 1 kr\u016btin\u0117s ki\u0161en\u0117 su atvartu;galimyb\u0117 prailginti kelnes;reguliuojamos petne\u0161os su elastine juostele;nugaros juosmens reguliavimas su elastine juostele ir sagomis kelni\u0173 \u0161one;kilpos;\u0161vies\u0105 atspindintys elementai kelni\u0173 priekyje;galima skalbti 60\u00b0C temperat\u016broje;universalus pritaikymas lengvojoje pramon\u0117je, automobili\u0173 pramon\u0117je, transporte ir logistikoje,idealiai tinka renovacijai, statybai, sand\u0117liavimui, servisui ir techniniams darbams.<\/p>","protected":false},"excerpt":{"rendered":"<p>DARBINIS PUSKOMBINEZONIS FABIAN TAMSIAI M\u0116LYNAS DYDIS 4XL<\/p>","protected":false},"featured_media":253187,"comment_status":"open","ping_status":"open","template":"","meta":[],"product_cat":[10006],"product_tag":[9969],"class_list":{"0":"post-253185","1":"product","2":"type-product","3":"status-publish","4":"has-post-thumbnail","6":"product_brand-hogert-technik-vokietija","7":"product_cat-darbiniai-puskombinezoniai","8":"product_tag-hogert-technik-vokietija","10":"first","11":"outofstock","12":"purchasable","13":"product-type-simple"},"jetpack_sharing_enabled":true,"_links":{"self":[{"href":"https:\/\/irankiuzona.lt\/ru\/wp-json\/wp\/v2\/product\/253185","targetHints":{"allow":["GET"]}}],"collection":[{"href":"https:\/\/irankiuzona.lt\/ru\/wp-json\/wp\/v2\/product"}],"about":[{"href":"https:\/\/irankiuzona.lt\/ru\/wp-json\/wp\/v2\/types\/product"}],"replies":[{"embeddable":true,"href":"https:\/\/irankiuzona.lt\/ru\/wp-json\/wp\/v2\/comments?post=253185"}],"version-history":[{"count":1,"href":"https:\/\/irankiuzona.lt\/ru\/wp-json\/wp\/v2\/product\/253185\/revisions"}],"predecessor-version":[{"id":419634,"href":"https:\/\/irankiuzona.lt\/ru\/wp-json\/wp\/v2\/product\/253185\/revisions\/419634"}],"wp:featuredmedia":[{"embeddable":true,"href":"https:\/\/irankiuzona.lt\/ru\/wp-json\/wp\/v2\/media\/253187"}],"wp:attachment":[{"href":"https:\/\/irankiuzona.lt\/ru\/wp-json\/wp\/v2\/media?parent=253185"}],"wp:term":[{"taxonomy":"product_cat","embeddable":true,"href":"https:\/\/irankiuzona.lt\/ru\/wp-json\/wp\/v2\/product_cat?post=253185"},{"taxonomy":"product_tag","embeddable":true,"href":"https:\/\/irankiuzona.lt\/ru\/wp-json\/wp\/v2\/product_tag?post=253185"}],"curies":[{"name":"wp","href":"https:\/\/api.w.org\/{rel}","templated":true}]}}