{"id":253191,"date":"2024-09-29T10:10:23","date_gmt":"2024-09-29T10:10:23","guid":{"rendered":"https:\/\/irankiuzona.lt\/product\/darbine-striuke-fabian-tamsiai-melyna-dydis-3xl\/"},"modified":"2026-04-14T21:23:34","modified_gmt":"2026-04-14T21:23:34","slug":"darbine-striuke-fabian-tamsiai-melyna-dydis-3xl","status":"publish","type":"product","link":"https:\/\/irankiuzona.lt\/ru\/product\/darbine-striuke-fabian-tamsiai-melyna-dydis-3xl\/","title":{"rendered":"DARBIN\u0116 STRIUK\u0116 FABIAN TAMSIAI M\u0116LYNA DYDIS 3XL"},"content":{"rendered":"<p>Produkto\u00a0charakteristikos:<br \/>\nmed\u017eiaga: TC audinys, 65% poliesteris, 35% medviln\u0117;\u00a0190 g\/m\u00b2;pagamintas pagal EN ISO 13688;klostuotas u\u017etrauktukas su 2 u\u017esegimais;2 apatin\u0117s ki\u0161en\u0117s su atvartais;elastin\u0117 juosta ant rankov\u0117s ir megztinio \u0161onuose;\u0161vies\u0105 atspindintys elementai megztinio nugaroje;nugaros prailginimas, apsaugantis nugar\u0105;stovinti\u00a0apykakl\u0117;galima skalbti 60\u00b0C temperat\u016broje;universalus pritaikymas lengvojoje pramon\u0117je, automobili\u0173 pramon\u0117je, transporte ir logistikoje,idealiai tinka renovacijai, statybai, sand\u0117liavimui, automobili\u0173 servisui ir techniniams darbams.<\/p>","protected":false},"excerpt":{"rendered":"<p>DARBIN\u0116 STRIUK\u0116 FABIAN TAMSIAI M\u0116LYNA DYDIS 3XL<\/p>","protected":false},"featured_media":253193,"comment_status":"open","ping_status":"open","template":"","meta":[],"product_cat":[10004],"product_tag":[9969],"class_list":{"0":"post-253191","1":"product","2":"type-product","3":"status-publish","4":"has-post-thumbnail","6":"product_brand-hogert-technik-vokietija","7":"product_cat-darbines-striukes","8":"product_tag-hogert-technik-vokietija","10":"first","11":"outofstock","12":"purchasable","13":"product-type-simple"},"jetpack_sharing_enabled":true,"_links":{"self":[{"href":"https:\/\/irankiuzona.lt\/ru\/wp-json\/wp\/v2\/product\/253191","targetHints":{"allow":["GET"]}}],"collection":[{"href":"https:\/\/irankiuzona.lt\/ru\/wp-json\/wp\/v2\/product"}],"about":[{"href":"https:\/\/irankiuzona.lt\/ru\/wp-json\/wp\/v2\/types\/product"}],"replies":[{"embeddable":true,"href":"https:\/\/irankiuzona.lt\/ru\/wp-json\/wp\/v2\/comments?post=253191"}],"version-history":[{"count":1,"href":"https:\/\/irankiuzona.lt\/ru\/wp-json\/wp\/v2\/product\/253191\/revisions"}],"predecessor-version":[{"id":419636,"href":"https:\/\/irankiuzona.lt\/ru\/wp-json\/wp\/v2\/product\/253191\/revisions\/419636"}],"wp:featuredmedia":[{"embeddable":true,"href":"https:\/\/irankiuzona.lt\/ru\/wp-json\/wp\/v2\/media\/253193"}],"wp:attachment":[{"href":"https:\/\/irankiuzona.lt\/ru\/wp-json\/wp\/v2\/media?parent=253191"}],"wp:term":[{"taxonomy":"product_cat","embeddable":true,"href":"https:\/\/irankiuzona.lt\/ru\/wp-json\/wp\/v2\/product_cat?post=253191"},{"taxonomy":"product_tag","embeddable":true,"href":"https:\/\/irankiuzona.lt\/ru\/wp-json\/wp\/v2\/product_tag?post=253191"}],"curies":[{"name":"wp","href":"https:\/\/api.w.org\/{rel}","templated":true}]}}