{"id":253194,"date":"2024-09-29T10:10:23","date_gmt":"2024-09-29T10:10:23","guid":{"rendered":"https:\/\/irankiuzona.lt\/product\/tobias-marskineliai-baltos-spalvos-medvilniniai-dydis-s\/"},"modified":"2026-03-31T19:47:57","modified_gmt":"2026-03-31T19:47:57","slug":"tobias-marskineliai-baltos-spalvos-medvilniniai-dydis-s","status":"publish","type":"product","link":"https:\/\/irankiuzona.lt\/ru\/product\/tobias-marskineliai-baltos-spalvos-medvilniniai-dydis-s\/","title":{"rendered":"Tobias mar\u0161kin\u0117liai baltos spalvos medvilniniai, dydis S"},"content":{"rendered":"<p>med\u017eiaga: 100% medviln\u0117, 250 g\/m\u00b2;<\/p>","protected":false},"excerpt":{"rendered":"<p>Tobias mar\u0161kin\u0117liai baltos spalvos medvilniniai, dydis S<\/p>","protected":false},"featured_media":253196,"comment_status":"open","ping_status":"open","template":"","meta":[],"product_cat":[10063],"product_tag":[9969],"class_list":{"0":"post-253194","1":"product","2":"type-product","3":"status-publish","4":"has-post-thumbnail","6":"product_brand-hogert-technik-vokietija","7":"product_cat-darbiniai-marskineliai","8":"product_tag-hogert-technik-vokietija","10":"first","11":"outofstock","12":"purchasable","13":"product-type-simple"},"jetpack_sharing_enabled":true,"_links":{"self":[{"href":"https:\/\/irankiuzona.lt\/ru\/wp-json\/wp\/v2\/product\/253194","targetHints":{"allow":["GET"]}}],"collection":[{"href":"https:\/\/irankiuzona.lt\/ru\/wp-json\/wp\/v2\/product"}],"about":[{"href":"https:\/\/irankiuzona.lt\/ru\/wp-json\/wp\/v2\/types\/product"}],"replies":[{"embeddable":true,"href":"https:\/\/irankiuzona.lt\/ru\/wp-json\/wp\/v2\/comments?post=253194"}],"version-history":[{"count":1,"href":"https:\/\/irankiuzona.lt\/ru\/wp-json\/wp\/v2\/product\/253194\/revisions"}],"predecessor-version":[{"id":419637,"href":"https:\/\/irankiuzona.lt\/ru\/wp-json\/wp\/v2\/product\/253194\/revisions\/419637"}],"wp:featuredmedia":[{"embeddable":true,"href":"https:\/\/irankiuzona.lt\/ru\/wp-json\/wp\/v2\/media\/253196"}],"wp:attachment":[{"href":"https:\/\/irankiuzona.lt\/ru\/wp-json\/wp\/v2\/media?parent=253194"}],"wp:term":[{"taxonomy":"product_cat","embeddable":true,"href":"https:\/\/irankiuzona.lt\/ru\/wp-json\/wp\/v2\/product_cat?post=253194"},{"taxonomy":"product_tag","embeddable":true,"href":"https:\/\/irankiuzona.lt\/ru\/wp-json\/wp\/v2\/product_tag?post=253194"}],"curies":[{"name":"wp","href":"https:\/\/api.w.org\/{rel}","templated":true}]}}