{"id":253248,"date":"2024-09-29T10:10:29","date_gmt":"2024-09-29T10:10:29","guid":{"rendered":"https:\/\/irankiuzona.lt\/product\/marskineliai-rossel-atspindintys-sviesa-oranziniai-dydis-xl\/"},"modified":"2026-05-09T15:48:12","modified_gmt":"2026-05-09T15:48:12","slug":"marskineliai-rossel-atspindintys-sviesa-oranziniai-dydis-xl","status":"publish","type":"product","link":"https:\/\/irankiuzona.lt\/ru\/product\/marskineliai-rossel-atspindintys-sviesa-oranziniai-dydis-xl\/","title":{"rendered":"MAR\u0160KIN\u0116LIAI ROSSEL ATSPINDINTYS \u0160VIES\u0104 ORAN\u017dINIAI DYDIS XL"},"content":{"rendered":"<p>. med\u017eiaga: 100% poliesteris, 150 g\/m\u00b2;. gaminys atitinka standartus: EN ISO 13688, EN ISO 20471 2 klas\u0117;. prisi\u016btos \u0161vies\u0105 atspindin\u010dios juostel\u0117s;. pritaikymas pramon\u0117je, keli\u0173 tiesimo ir paslaug\u0173 srityse.<\/p>","protected":false},"excerpt":{"rendered":"<p>MAR\u0160KIN\u0116LIAI ROSSEL ATSPINDINTYS \u0160VIES\u0104 ORAN\u017dINIAI DYDIS XL<\/p>","protected":false},"featured_media":253250,"comment_status":"open","ping_status":"open","template":"","meta":[],"product_cat":[10005],"product_tag":[9969],"class_list":{"0":"post-253248","1":"product","2":"type-product","3":"status-publish","4":"has-post-thumbnail","6":"product_brand-hogert-technik-vokietija","7":"product_cat-padidinto-matomumo-darbo-rubai","8":"product_tag-hogert-technik-vokietija","10":"first","11":"instock","12":"purchasable","13":"product-type-simple"},"jetpack_sharing_enabled":true,"_links":{"self":[{"href":"https:\/\/irankiuzona.lt\/ru\/wp-json\/wp\/v2\/product\/253248","targetHints":{"allow":["GET"]}}],"collection":[{"href":"https:\/\/irankiuzona.lt\/ru\/wp-json\/wp\/v2\/product"}],"about":[{"href":"https:\/\/irankiuzona.lt\/ru\/wp-json\/wp\/v2\/types\/product"}],"replies":[{"embeddable":true,"href":"https:\/\/irankiuzona.lt\/ru\/wp-json\/wp\/v2\/comments?post=253248"}],"version-history":[{"count":1,"href":"https:\/\/irankiuzona.lt\/ru\/wp-json\/wp\/v2\/product\/253248\/revisions"}],"predecessor-version":[{"id":419654,"href":"https:\/\/irankiuzona.lt\/ru\/wp-json\/wp\/v2\/product\/253248\/revisions\/419654"}],"wp:featuredmedia":[{"embeddable":true,"href":"https:\/\/irankiuzona.lt\/ru\/wp-json\/wp\/v2\/media\/253250"}],"wp:attachment":[{"href":"https:\/\/irankiuzona.lt\/ru\/wp-json\/wp\/v2\/media?parent=253248"}],"wp:term":[{"taxonomy":"product_cat","embeddable":true,"href":"https:\/\/irankiuzona.lt\/ru\/wp-json\/wp\/v2\/product_cat?post=253248"},{"taxonomy":"product_tag","embeddable":true,"href":"https:\/\/irankiuzona.lt\/ru\/wp-json\/wp\/v2\/product_tag?post=253248"}],"curies":[{"name":"wp","href":"https:\/\/api.w.org\/{rel}","templated":true}]}}