{"id":253260,"date":"2024-09-29T10:10:30","date_gmt":"2024-09-29T10:10:30","guid":{"rendered":"https:\/\/irankiuzona.lt\/product\/karuna-o67mm-deimantine\/"},"modified":"2026-05-09T14:57:39","modified_gmt":"2026-05-09T14:57:39","slug":"karuna-o67mm-deimantine","status":"publish","type":"product","link":"https:\/\/irankiuzona.lt\/ru\/product\/karuna-o67mm-deimantine\/","title":{"rendered":"KAR\u016aNA \u00d867MM DEIMANTIN\u0116"},"content":{"rendered":"<p>Product descriptionDiamond hole-saw drill bits are designed for boring in ceramic materials, such as glaze and terracotta. It is recommended to provide cooling, when drilling.<br \/>\nCharacteristics<br \/>\ncoated with bort (low-quality diamond);high diamond concentration;profiled cylindrical handle that enables precise boring of larger holes, using drills and drill drivers.<\/p>","protected":false},"excerpt":{"rendered":"<p>KAR\u016aNA \u00d867MM DEIMANTIN\u0116<\/p>","protected":false},"featured_media":253262,"comment_status":"open","ping_status":"open","template":"","meta":[],"product_cat":[9675],"product_tag":[9969],"class_list":{"0":"post-253260","1":"product","2":"type-product","3":"status-publish","4":"has-post-thumbnail","6":"product_brand-hogert-technik-vokietija","7":"product_cat-deimantines-grezimo-karunos","8":"product_tag-hogert-technik-vokietija","10":"first","11":"instock","12":"purchasable","13":"product-type-simple"},"jetpack_sharing_enabled":true,"_links":{"self":[{"href":"https:\/\/irankiuzona.lt\/ru\/wp-json\/wp\/v2\/product\/253260","targetHints":{"allow":["GET"]}}],"collection":[{"href":"https:\/\/irankiuzona.lt\/ru\/wp-json\/wp\/v2\/product"}],"about":[{"href":"https:\/\/irankiuzona.lt\/ru\/wp-json\/wp\/v2\/types\/product"}],"replies":[{"embeddable":true,"href":"https:\/\/irankiuzona.lt\/ru\/wp-json\/wp\/v2\/comments?post=253260"}],"version-history":[{"count":1,"href":"https:\/\/irankiuzona.lt\/ru\/wp-json\/wp\/v2\/product\/253260\/revisions"}],"predecessor-version":[{"id":419658,"href":"https:\/\/irankiuzona.lt\/ru\/wp-json\/wp\/v2\/product\/253260\/revisions\/419658"}],"wp:featuredmedia":[{"embeddable":true,"href":"https:\/\/irankiuzona.lt\/ru\/wp-json\/wp\/v2\/media\/253262"}],"wp:attachment":[{"href":"https:\/\/irankiuzona.lt\/ru\/wp-json\/wp\/v2\/media?parent=253260"}],"wp:term":[{"taxonomy":"product_cat","embeddable":true,"href":"https:\/\/irankiuzona.lt\/ru\/wp-json\/wp\/v2\/product_cat?post=253260"},{"taxonomy":"product_tag","embeddable":true,"href":"https:\/\/irankiuzona.lt\/ru\/wp-json\/wp\/v2\/product_tag?post=253260"}],"curies":[{"name":"wp","href":"https:\/\/api.w.org\/{rel}","templated":true}]}}