{"id":253263,"date":"2024-09-29T10:10:31","date_gmt":"2024-09-29T10:10:31","guid":{"rendered":"https:\/\/irankiuzona.lt\/product\/kojines-saar-trump-sviesiai-pilkos-zalios41-42dyd\/"},"modified":"2026-03-31T19:48:14","modified_gmt":"2026-03-31T19:48:14","slug":"kojines-saar-trump-sviesiai-pilkos-zalios41-42dyd","status":"publish","type":"product","link":"https:\/\/irankiuzona.lt\/ru\/product\/kojines-saar-trump-sviesiai-pilkos-zalios41-42dyd\/","title":{"rendered":"Kojin\u0117s SAAR trump \u0161viesiai pilkos\/\u017ealios41\/42dyd."},"content":{"rendered":"<p>universalios darbo kojin\u0117s;. \u0161viesiai pilka spalva su \u017ealiais intarpais;. auk\u0161tis nuo kulno: apie 7 cm;. med\u017eiaga: 78% medviln\u0117, 15% poliamidas, 5% polipropilenas, 2% elastanas;. Supakuotos 3 poros.<\/p>","protected":false},"excerpt":{"rendered":"<p>Kojin\u0117s SAAR trump \u0161viesiai pilkos\/\u017ealios41\/42dyd.<\/p>","protected":false},"featured_media":253265,"comment_status":"open","ping_status":"open","template":"","meta":[],"product_cat":[10047],"product_tag":[9969],"class_list":{"0":"post-253263","1":"product","2":"type-product","3":"status-publish","4":"has-post-thumbnail","6":"product_brand-hogert-technik-vokietija","7":"product_cat-darbines-kojines","8":"product_tag-hogert-technik-vokietija","10":"first","11":"outofstock","12":"purchasable","13":"product-type-simple"},"jetpack_sharing_enabled":true,"_links":{"self":[{"href":"https:\/\/irankiuzona.lt\/ru\/wp-json\/wp\/v2\/product\/253263","targetHints":{"allow":["GET"]}}],"collection":[{"href":"https:\/\/irankiuzona.lt\/ru\/wp-json\/wp\/v2\/product"}],"about":[{"href":"https:\/\/irankiuzona.lt\/ru\/wp-json\/wp\/v2\/types\/product"}],"replies":[{"embeddable":true,"href":"https:\/\/irankiuzona.lt\/ru\/wp-json\/wp\/v2\/comments?post=253263"}],"version-history":[{"count":1,"href":"https:\/\/irankiuzona.lt\/ru\/wp-json\/wp\/v2\/product\/253263\/revisions"}],"predecessor-version":[{"id":419659,"href":"https:\/\/irankiuzona.lt\/ru\/wp-json\/wp\/v2\/product\/253263\/revisions\/419659"}],"wp:featuredmedia":[{"embeddable":true,"href":"https:\/\/irankiuzona.lt\/ru\/wp-json\/wp\/v2\/media\/253265"}],"wp:attachment":[{"href":"https:\/\/irankiuzona.lt\/ru\/wp-json\/wp\/v2\/media?parent=253263"}],"wp:term":[{"taxonomy":"product_cat","embeddable":true,"href":"https:\/\/irankiuzona.lt\/ru\/wp-json\/wp\/v2\/product_cat?post=253263"},{"taxonomy":"product_tag","embeddable":true,"href":"https:\/\/irankiuzona.lt\/ru\/wp-json\/wp\/v2\/product_tag?post=253263"}],"curies":[{"name":"wp","href":"https:\/\/api.w.org\/{rel}","templated":true}]}}