{"id":253290,"date":"2024-09-29T10:10:34","date_gmt":"2024-09-29T10:10:34","guid":{"rendered":"https:\/\/irankiuzona.lt\/product\/nesiojamas-sviestuvas-su-laidu-60w-e27-5m\/"},"modified":"2026-04-05T13:13:42","modified_gmt":"2026-04-05T13:13:42","slug":"nesiojamas-sviestuvas-su-laidu-60w-e27-5m","status":"publish","type":"product","link":"https:\/\/irankiuzona.lt\/ru\/product\/nesiojamas-sviestuvas-su-laidu-60w-e27-5m\/","title":{"rendered":"NE\u0160IOJAMAS \u0160VIESTUVAS SU LAIDU 60W E27 5M"},"content":{"rendered":"<p>LEMPUT\u0116S LIZDAS-E27GALINGUMAS-MAX 60WAC 220-240VIP20ILGIS-5m<\/p>","protected":false},"excerpt":{"rendered":"<p>NE\u0160IOJAMAS \u0160VIESTUVAS SU LAIDU 60W E27 (5M)<\/p>","protected":false},"featured_media":253292,"comment_status":"open","ping_status":"open","template":"","meta":[],"product_cat":[9919],"product_tag":[10102],"class_list":{"0":"post-253290","1":"product","2":"type-product","3":"status-publish","4":"has-post-thumbnail","6":"product_brand-gtv-lighting-lenkija","7":"product_cat-lempos-sviestuvai-su-laidu","8":"product_tag-gtv-lighting-lenkija","10":"first","11":"outofstock","12":"purchasable","13":"product-type-simple"},"jetpack_sharing_enabled":true,"_links":{"self":[{"href":"https:\/\/irankiuzona.lt\/ru\/wp-json\/wp\/v2\/product\/253290","targetHints":{"allow":["GET"]}}],"collection":[{"href":"https:\/\/irankiuzona.lt\/ru\/wp-json\/wp\/v2\/product"}],"about":[{"href":"https:\/\/irankiuzona.lt\/ru\/wp-json\/wp\/v2\/types\/product"}],"replies":[{"embeddable":true,"href":"https:\/\/irankiuzona.lt\/ru\/wp-json\/wp\/v2\/comments?post=253290"}],"version-history":[{"count":0,"href":"https:\/\/irankiuzona.lt\/ru\/wp-json\/wp\/v2\/product\/253290\/revisions"}],"wp:featuredmedia":[{"embeddable":true,"href":"https:\/\/irankiuzona.lt\/ru\/wp-json\/wp\/v2\/media\/253292"}],"wp:attachment":[{"href":"https:\/\/irankiuzona.lt\/ru\/wp-json\/wp\/v2\/media?parent=253290"}],"wp:term":[{"taxonomy":"product_cat","embeddable":true,"href":"https:\/\/irankiuzona.lt\/ru\/wp-json\/wp\/v2\/product_cat?post=253290"},{"taxonomy":"product_tag","embeddable":true,"href":"https:\/\/irankiuzona.lt\/ru\/wp-json\/wp\/v2\/product_tag?post=253290"}],"curies":[{"name":"wp","href":"https:\/\/api.w.org\/{rel}","templated":true}]}}