{"id":253308,"date":"2024-09-29T10:10:36","date_gmt":"2024-09-29T10:10:36","guid":{"rendered":"https:\/\/irankiuzona.lt\/product\/led-prozektorius-8w-zoom-800lm-aliuminis\/"},"modified":"2026-04-05T04:27:30","modified_gmt":"2026-04-05T04:27:30","slug":"led-prozektorius-8w-zoom-800lm-aliuminis","status":"publish","type":"product","link":"https:\/\/irankiuzona.lt\/ru\/product\/led-prozektorius-8w-zoom-800lm-aliuminis\/","title":{"rendered":"LED pro\u017eektorius 8W Zoom 800Lm aliuminis"},"content":{"rendered":"<p>\u0160viesos \u0161altinio arba \u0161viestuvo galia [W]: 8\u0160viesos spalvos temperat\u016bra [K]: 6400\u0160viesos srautas [lm]: 800Med\u017eiaga: aliuminisJuoda spalva<\/p>","protected":false},"excerpt":{"rendered":"<p>LED pro\u017eektorius 8W Zoom 800Lm aliuminis<\/p>","protected":false},"featured_media":253310,"comment_status":"open","ping_status":"open","template":"","meta":[],"product_cat":[9814],"product_tag":[10102],"class_list":{"0":"post-253308","1":"product","2":"type-product","3":"status-publish","4":"has-post-thumbnail","6":"product_brand-gtv-lighting-lenkija","7":"product_cat-prozektoriai-zibintuveliai-su-baterijomis","8":"product_tag-gtv-lighting-lenkija","10":"first","11":"outofstock","12":"purchasable","13":"product-type-simple"},"jetpack_sharing_enabled":true,"_links":{"self":[{"href":"https:\/\/irankiuzona.lt\/ru\/wp-json\/wp\/v2\/product\/253308","targetHints":{"allow":["GET"]}}],"collection":[{"href":"https:\/\/irankiuzona.lt\/ru\/wp-json\/wp\/v2\/product"}],"about":[{"href":"https:\/\/irankiuzona.lt\/ru\/wp-json\/wp\/v2\/types\/product"}],"replies":[{"embeddable":true,"href":"https:\/\/irankiuzona.lt\/ru\/wp-json\/wp\/v2\/comments?post=253308"}],"version-history":[{"count":0,"href":"https:\/\/irankiuzona.lt\/ru\/wp-json\/wp\/v2\/product\/253308\/revisions"}],"wp:featuredmedia":[{"embeddable":true,"href":"https:\/\/irankiuzona.lt\/ru\/wp-json\/wp\/v2\/media\/253310"}],"wp:attachment":[{"href":"https:\/\/irankiuzona.lt\/ru\/wp-json\/wp\/v2\/media?parent=253308"}],"wp:term":[{"taxonomy":"product_cat","embeddable":true,"href":"https:\/\/irankiuzona.lt\/ru\/wp-json\/wp\/v2\/product_cat?post=253308"},{"taxonomy":"product_tag","embeddable":true,"href":"https:\/\/irankiuzona.lt\/ru\/wp-json\/wp\/v2\/product_tag?post=253308"}],"curies":[{"name":"wp","href":"https:\/\/api.w.org\/{rel}","templated":true}]}}