{"id":253334,"date":"2024-09-29T10:10:38","date_gmt":"2024-09-29T10:10:38","guid":{"rendered":"https:\/\/irankiuzona.lt\/product\/rankinis-sailentbloku-presavimo-rinkinys-bmw\/"},"modified":"2026-05-16T00:28:37","modified_gmt":"2026-05-16T00:28:37","slug":"rankinis-sailentbloku-presavimo-rinkinys-bmw","status":"publish","type":"product","link":"https:\/\/irankiuzona.lt\/ru\/product\/rankinis-sailentbloku-presavimo-rinkinys-bmw\/","title":{"rendered":"Rankinis sailentblok\u0173 presavimo rinkinys BMW"},"content":{"rendered":"<p>tinka BMW (gaminamiems po 2007 m.) E85, E89, E92<\/p>","protected":false},"excerpt":{"rendered":"<p>Rankinis\u00a0BMW \u012fvori\u0173, salentblok\u0173 presavimo presas , \u012frankis<\/p>","protected":false},"featured_media":253336,"comment_status":"open","ping_status":"open","template":"","meta":[],"product_cat":[9731],"product_tag":[9845],"class_list":{"0":"post-253334","1":"product","2":"type-product","3":"status-publish","4":"has-post-thumbnail","6":"product_brand-vokietija-germany","7":"product_cat-guoliu-sailentbloku-presavimo-irankiai","8":"product_tag-vokietija-germany","10":"first","11":"outofstock","12":"purchasable","13":"product-type-simple"},"jetpack_sharing_enabled":true,"_links":{"self":[{"href":"https:\/\/irankiuzona.lt\/ru\/wp-json\/wp\/v2\/product\/253334","targetHints":{"allow":["GET"]}}],"collection":[{"href":"https:\/\/irankiuzona.lt\/ru\/wp-json\/wp\/v2\/product"}],"about":[{"href":"https:\/\/irankiuzona.lt\/ru\/wp-json\/wp\/v2\/types\/product"}],"replies":[{"embeddable":true,"href":"https:\/\/irankiuzona.lt\/ru\/wp-json\/wp\/v2\/comments?post=253334"}],"version-history":[{"count":1,"href":"https:\/\/irankiuzona.lt\/ru\/wp-json\/wp\/v2\/product\/253334\/revisions"}],"predecessor-version":[{"id":419682,"href":"https:\/\/irankiuzona.lt\/ru\/wp-json\/wp\/v2\/product\/253334\/revisions\/419682"}],"wp:featuredmedia":[{"embeddable":true,"href":"https:\/\/irankiuzona.lt\/ru\/wp-json\/wp\/v2\/media\/253336"}],"wp:attachment":[{"href":"https:\/\/irankiuzona.lt\/ru\/wp-json\/wp\/v2\/media?parent=253334"}],"wp:term":[{"taxonomy":"product_cat","embeddable":true,"href":"https:\/\/irankiuzona.lt\/ru\/wp-json\/wp\/v2\/product_cat?post=253334"},{"taxonomy":"product_tag","embeddable":true,"href":"https:\/\/irankiuzona.lt\/ru\/wp-json\/wp\/v2\/product_tag?post=253334"}],"curies":[{"name":"wp","href":"https:\/\/api.w.org\/{rel}","templated":true}]}}