{"id":253394,"date":"2024-09-29T10:10:43","date_gmt":"2024-09-29T10:10:43","guid":{"rendered":"https:\/\/irankiuzona.lt\/product\/grezimo-freza-m12-zvakems\/"},"modified":"2026-04-14T13:12:41","modified_gmt":"2026-04-14T13:12:41","slug":"grezimo-freza-m12-zvakems","status":"publish","type":"product","link":"https:\/\/irankiuzona.lt\/ru\/product\/grezimo-freza-m12-zvakems\/","title":{"rendered":"Gr\u0119\u017eimo freza M12 \u017evak\u0117ms"},"content":{"rendered":"<p>Bendras ilgis &#8211; 100mm\u00a0Gr\u0119\u017eimo dant\u0173 skai\u010dius &#8211; 5vnt.<\/p>","protected":false},"excerpt":{"rendered":"<p>Tu\u0161\u010diavid\u016br\u0117 gr\u0119\u017eimo freza M12 diametro, 100mm ilgio &#8211; skirta pa\u0161alinti l\u016b\u017eusias pakaitinimo \u017evakes, var\u017etus , sriegiklius ir gr\u0105\u017etus &#8211; nepa\u017eeid\u017eiant sriegio.<\/p>","protected":false},"featured_media":253396,"comment_status":"open","ping_status":"open","template":"","meta":[],"product_cat":[9699],"product_tag":[9778],"class_list":{"0":"post-253394","1":"product","2":"type-product","3":"status-publish","4":"has-post-thumbnail","6":"product_brand-triumf-professional-tools-slovakija","7":"product_cat-uzluzusiu-zvakiu-remontui","8":"product_tag-triumf-professional-tools-slovakija","10":"first","11":"instock","12":"purchasable","13":"product-type-simple"},"jetpack_sharing_enabled":true,"_links":{"self":[{"href":"https:\/\/irankiuzona.lt\/ru\/wp-json\/wp\/v2\/product\/253394","targetHints":{"allow":["GET"]}}],"collection":[{"href":"https:\/\/irankiuzona.lt\/ru\/wp-json\/wp\/v2\/product"}],"about":[{"href":"https:\/\/irankiuzona.lt\/ru\/wp-json\/wp\/v2\/types\/product"}],"replies":[{"embeddable":true,"href":"https:\/\/irankiuzona.lt\/ru\/wp-json\/wp\/v2\/comments?post=253394"}],"version-history":[{"count":1,"href":"https:\/\/irankiuzona.lt\/ru\/wp-json\/wp\/v2\/product\/253394\/revisions"}],"predecessor-version":[{"id":419702,"href":"https:\/\/irankiuzona.lt\/ru\/wp-json\/wp\/v2\/product\/253394\/revisions\/419702"}],"wp:featuredmedia":[{"embeddable":true,"href":"https:\/\/irankiuzona.lt\/ru\/wp-json\/wp\/v2\/media\/253396"}],"wp:attachment":[{"href":"https:\/\/irankiuzona.lt\/ru\/wp-json\/wp\/v2\/media?parent=253394"}],"wp:term":[{"taxonomy":"product_cat","embeddable":true,"href":"https:\/\/irankiuzona.lt\/ru\/wp-json\/wp\/v2\/product_cat?post=253394"},{"taxonomy":"product_tag","embeddable":true,"href":"https:\/\/irankiuzona.lt\/ru\/wp-json\/wp\/v2\/product_tag?post=253394"}],"curies":[{"name":"wp","href":"https:\/\/api.w.org\/{rel}","templated":true}]}}