{"id":253436,"date":"2024-09-29T10:10:48","date_gmt":"2024-09-29T10:10:48","guid":{"rendered":"https:\/\/irankiuzona.lt\/product\/sriegio-atstatymo-komplektas-m81-25-25daliu\/"},"modified":"2025-05-08T08:50:23","modified_gmt":"2025-05-08T08:50:23","slug":"sriegio-atstatymo-komplektas-m81-25-25daliu","status":"publish","type":"product","link":"https:\/\/irankiuzona.lt\/ru\/product\/sriegio-atstatymo-komplektas-m81-25-25daliu\/","title":{"rendered":"Sriegio atstatymo komplektas M8*1.25 25dali\u0173"},"content":{"rendered":"<p>Komplekte:\u00a0gr\u0105\u017etas, sriegiklis, helikoliai ir laikikliai 2 vnt.Komplektas skirti atstatyti srieg\u012f padarant nauj\u0105 srieg\u012f \u012fvori\u0173 (helikoil\u0173) pagalba.<\/p>","protected":false},"excerpt":{"rendered":"<p>Sriegio atstatymo, taisymo komplektas M8x1.25 25dali\u0173<\/p>","protected":false},"featured_media":253438,"comment_status":"open","ping_status":"open","template":"","meta":[],"product_cat":[9747],"product_tag":[9435],"class_list":{"0":"post-253436","1":"product","2":"type-product","3":"status-publish","4":"has-post-thumbnail","6":"product_brand-kinija","7":"product_cat-sugadinto-sriegio-atstatymo-komplektai-ivores-indeklai-helikoliai","8":"product_tag-kinija","10":"first","11":"outofstock","12":"purchasable","13":"product-type-simple"},"jetpack_sharing_enabled":true,"_links":{"self":[{"href":"https:\/\/irankiuzona.lt\/ru\/wp-json\/wp\/v2\/product\/253436","targetHints":{"allow":["GET"]}}],"collection":[{"href":"https:\/\/irankiuzona.lt\/ru\/wp-json\/wp\/v2\/product"}],"about":[{"href":"https:\/\/irankiuzona.lt\/ru\/wp-json\/wp\/v2\/types\/product"}],"replies":[{"embeddable":true,"href":"https:\/\/irankiuzona.lt\/ru\/wp-json\/wp\/v2\/comments?post=253436"}],"version-history":[{"count":0,"href":"https:\/\/irankiuzona.lt\/ru\/wp-json\/wp\/v2\/product\/253436\/revisions"}],"wp:featuredmedia":[{"embeddable":true,"href":"https:\/\/irankiuzona.lt\/ru\/wp-json\/wp\/v2\/media\/253438"}],"wp:attachment":[{"href":"https:\/\/irankiuzona.lt\/ru\/wp-json\/wp\/v2\/media?parent=253436"}],"wp:term":[{"taxonomy":"product_cat","embeddable":true,"href":"https:\/\/irankiuzona.lt\/ru\/wp-json\/wp\/v2\/product_cat?post=253436"},{"taxonomy":"product_tag","embeddable":true,"href":"https:\/\/irankiuzona.lt\/ru\/wp-json\/wp\/v2\/product_tag?post=253436"}],"curies":[{"name":"wp","href":"https:\/\/api.w.org\/{rel}","templated":true}]}}