{"id":253445,"date":"2024-09-29T10:10:49","date_gmt":"2024-09-29T10:10:49","guid":{"rendered":"https:\/\/irankiuzona.lt\/product\/tepalo-lekstute-76mm-14kampu-1-2\/"},"modified":"2026-03-03T12:25:58","modified_gmt":"2026-03-03T12:25:58","slug":"tepalo-lekstute-76mm-14kampu-1-2","status":"publish","type":"product","link":"https:\/\/irankiuzona.lt\/ru\/product\/tepalo-lekstute-76mm-14kampu-1-2\/","title":{"rendered":"Tepalo l\u0117k\u0161tut\u0117 76mm 14kamp\u0173 1\/2"},"content":{"rendered":"<p>74mm<\/p>","protected":false},"excerpt":{"rendered":"<p>L\u0117k\u0161tut\u0117 tepalo filtrui 76mm x 14 kamp\u0173<\/p>","protected":false},"featured_media":253447,"comment_status":"open","ping_status":"open","template":"","meta":[],"product_cat":[9705],"product_tag":[9932],"class_list":{"0":"post-253445","1":"product","2":"type-product","3":"status-publish","4":"has-post-thumbnail","6":"product_brand-taivanis-taiwan","7":"product_cat-galvutes-tepalo-filtrui","8":"product_tag-taivanis-taiwan","10":"first","11":"outofstock","12":"purchasable","13":"product-type-simple"},"jetpack_sharing_enabled":true,"_links":{"self":[{"href":"https:\/\/irankiuzona.lt\/ru\/wp-json\/wp\/v2\/product\/253445","targetHints":{"allow":["GET"]}}],"collection":[{"href":"https:\/\/irankiuzona.lt\/ru\/wp-json\/wp\/v2\/product"}],"about":[{"href":"https:\/\/irankiuzona.lt\/ru\/wp-json\/wp\/v2\/types\/product"}],"replies":[{"embeddable":true,"href":"https:\/\/irankiuzona.lt\/ru\/wp-json\/wp\/v2\/comments?post=253445"}],"version-history":[{"count":1,"href":"https:\/\/irankiuzona.lt\/ru\/wp-json\/wp\/v2\/product\/253445\/revisions"}],"predecessor-version":[{"id":419716,"href":"https:\/\/irankiuzona.lt\/ru\/wp-json\/wp\/v2\/product\/253445\/revisions\/419716"}],"wp:featuredmedia":[{"embeddable":true,"href":"https:\/\/irankiuzona.lt\/ru\/wp-json\/wp\/v2\/media\/253447"}],"wp:attachment":[{"href":"https:\/\/irankiuzona.lt\/ru\/wp-json\/wp\/v2\/media?parent=253445"}],"wp:term":[{"taxonomy":"product_cat","embeddable":true,"href":"https:\/\/irankiuzona.lt\/ru\/wp-json\/wp\/v2\/product_cat?post=253445"},{"taxonomy":"product_tag","embeddable":true,"href":"https:\/\/irankiuzona.lt\/ru\/wp-json\/wp\/v2\/product_tag?post=253445"}],"curies":[{"name":"wp","href":"https:\/\/api.w.org\/{rel}","templated":true}]}}