{"id":253487,"date":"2024-09-29T10:10:52","date_gmt":"2024-09-29T10:10:52","guid":{"rendered":"https:\/\/irankiuzona.lt\/product\/valytuvu-akumuliatoriaus-gnybtu-nuemejas-6-35mm\/"},"modified":"2026-05-16T20:26:29","modified_gmt":"2026-05-16T20:26:29","slug":"valytuvu-akumuliatoriaus-gnybtu-nuemejas-6-35mm","status":"publish","type":"product","link":"https:\/\/irankiuzona.lt\/ru\/product\/valytuvu-akumuliatoriaus-gnybtu-nuemejas-6-35mm\/","title":{"rendered":"Valytuv\u0173, akumuliatoriaus gnybt\u0173 nuem\u0117jas 6-35mm"},"content":{"rendered":"<p>Description<br \/>\nThe universal puller is an ideal device for removing wipers, clamps, alternator bearings, small sprockets and bushings. The construction uses self-locking jaws. The clamping screw ends with a hole, making the puller also suitable for wipers with an integrated washer.<br \/>\nCharacteristics<br \/>\nmade of steel and nylon;the maximum distance of the puller is 43 mm;maximum depth of 28 mm;weight: 0.28 kg.<\/p>","protected":false},"excerpt":{"rendered":"<p>Valytuv\u0173, akumuliatoriaus gnybt\u0173 nuem\u0117jas 6-35mm<\/p>","protected":false},"featured_media":253489,"comment_status":"open","ping_status":"open","template":"","meta":[],"product_cat":[9530],"product_tag":[9969],"class_list":{"0":"post-253487","1":"product","2":"type-product","3":"status-publish","4":"has-post-thumbnail","6":"product_brand-hogert-technik-vokietija","7":"product_cat-valytuvu-nuemimui","8":"product_tag-hogert-technik-vokietija","10":"first","11":"instock","12":"purchasable","13":"product-type-simple"},"jetpack_sharing_enabled":true,"_links":{"self":[{"href":"https:\/\/irankiuzona.lt\/ru\/wp-json\/wp\/v2\/product\/253487","targetHints":{"allow":["GET"]}}],"collection":[{"href":"https:\/\/irankiuzona.lt\/ru\/wp-json\/wp\/v2\/product"}],"about":[{"href":"https:\/\/irankiuzona.lt\/ru\/wp-json\/wp\/v2\/types\/product"}],"replies":[{"embeddable":true,"href":"https:\/\/irankiuzona.lt\/ru\/wp-json\/wp\/v2\/comments?post=253487"}],"version-history":[{"count":1,"href":"https:\/\/irankiuzona.lt\/ru\/wp-json\/wp\/v2\/product\/253487\/revisions"}],"predecessor-version":[{"id":419724,"href":"https:\/\/irankiuzona.lt\/ru\/wp-json\/wp\/v2\/product\/253487\/revisions\/419724"}],"wp:featuredmedia":[{"embeddable":true,"href":"https:\/\/irankiuzona.lt\/ru\/wp-json\/wp\/v2\/media\/253489"}],"wp:attachment":[{"href":"https:\/\/irankiuzona.lt\/ru\/wp-json\/wp\/v2\/media?parent=253487"}],"wp:term":[{"taxonomy":"product_cat","embeddable":true,"href":"https:\/\/irankiuzona.lt\/ru\/wp-json\/wp\/v2\/product_cat?post=253487"},{"taxonomy":"product_tag","embeddable":true,"href":"https:\/\/irankiuzona.lt\/ru\/wp-json\/wp\/v2\/product_tag?post=253487"}],"curies":[{"name":"wp","href":"https:\/\/api.w.org\/{rel}","templated":true}]}}