{"id":253535,"date":"2024-09-29T10:10:58","date_gmt":"2024-09-29T10:10:58","guid":{"rendered":"https:\/\/irankiuzona.lt\/product\/ipresuotas-sesiakampis-h5mm-antgalis-3-8-terkslei\/"},"modified":"2026-04-17T05:48:34","modified_gmt":"2026-04-17T05:48:34","slug":"ipresuotas-sesiakampis-h5mm-antgalis-3-8-terkslei","status":"publish","type":"product","link":"https:\/\/irankiuzona.lt\/ru\/product\/ipresuotas-sesiakampis-h5mm-antgalis-3-8-terkslei\/","title":{"rendered":"\u012epresuotas \u0161e\u0161iakampis H5mm antgalis 3\/8 terk\u0161lei"},"content":{"rendered":"<p>S2 plieno antgalis<\/p>","protected":false},"excerpt":{"rendered":"<p>\u012epresuotas HEX-5 \u0161e\u0161iakampis H5mm antgalis 3\/8 terk\u0161lei<\/p>","protected":false},"featured_media":253537,"comment_status":"open","ping_status":"open","template":"","meta":[],"product_cat":[9951],"product_tag":[9778],"class_list":{"0":"post-253535","1":"product","2":"type-product","3":"status-publish","4":"has-post-thumbnail","6":"product_brand-triumf-professional-tools-slovakija","7":"product_cat-3-8-ipresuoti-hex-antgaliai","8":"product_tag-triumf-professional-tools-slovakija","10":"first","11":"instock","12":"purchasable","13":"product-type-simple"},"jetpack_sharing_enabled":true,"_links":{"self":[{"href":"https:\/\/irankiuzona.lt\/ru\/wp-json\/wp\/v2\/product\/253535","targetHints":{"allow":["GET"]}}],"collection":[{"href":"https:\/\/irankiuzona.lt\/ru\/wp-json\/wp\/v2\/product"}],"about":[{"href":"https:\/\/irankiuzona.lt\/ru\/wp-json\/wp\/v2\/types\/product"}],"replies":[{"embeddable":true,"href":"https:\/\/irankiuzona.lt\/ru\/wp-json\/wp\/v2\/comments?post=253535"}],"version-history":[{"count":1,"href":"https:\/\/irankiuzona.lt\/ru\/wp-json\/wp\/v2\/product\/253535\/revisions"}],"predecessor-version":[{"id":419738,"href":"https:\/\/irankiuzona.lt\/ru\/wp-json\/wp\/v2\/product\/253535\/revisions\/419738"}],"wp:featuredmedia":[{"embeddable":true,"href":"https:\/\/irankiuzona.lt\/ru\/wp-json\/wp\/v2\/media\/253537"}],"wp:attachment":[{"href":"https:\/\/irankiuzona.lt\/ru\/wp-json\/wp\/v2\/media?parent=253535"}],"wp:term":[{"taxonomy":"product_cat","embeddable":true,"href":"https:\/\/irankiuzona.lt\/ru\/wp-json\/wp\/v2\/product_cat?post=253535"},{"taxonomy":"product_tag","embeddable":true,"href":"https:\/\/irankiuzona.lt\/ru\/wp-json\/wp\/v2\/product_tag?post=253535"}],"curies":[{"name":"wp","href":"https:\/\/api.w.org\/{rel}","templated":true}]}}