{"id":253574,"date":"2024-09-29T10:20:07","date_gmt":"2024-09-29T10:20:07","guid":{"rendered":"https:\/\/irankiuzona.lt\/product\/sriegimo-irankiu-laikikliu-komplektas-terkslinis\/"},"modified":"2025-05-27T11:30:11","modified_gmt":"2025-05-27T11:30:11","slug":"sriegimo-irankiu-laikikliu-komplektas-terkslinis","status":"publish","type":"product","link":"https:\/\/irankiuzona.lt\/ru\/product\/sriegimo-irankiu-laikikliu-komplektas-terkslinis\/","title":{"rendered":"Sriegimo \u012franki\u0173-laikikli\u0173 komplektas terk\u0161linis"},"content":{"rendered":"<p>Material:\u00a0chrome &#8211; vanadium steel.<\/p>\n<p>Ratchet 72 tooth mechanism ended with outlet 3\/8\u201c, enables right\/left-handed motion.<br \/>\nUseable in limited areas, minimalise the arm travelling during the thread cutting.<br \/>\nPossibility of connecting whatever extension of size 3\/8\u201c.Set includes:<br \/>\n2 pc\u00a0die button sockets 20,7 mm a 25,9 mm<br \/>\n2 pc\u00a0screwing tap sockets M2 &#8211; M8 a M6 &#8211; M12<br \/>\n1 pc\u00a0wrench 18 x 24 mmSet is delivered in PVC cassette.<\/p>","protected":false},"excerpt":{"rendered":"<p>Sriegimo \u012franki\u0173-laikikli\u0173 komplektas terk\u0161linis \/ sriegpjovi\u0173 laikiklis + sriegikli\u0173 laikiklis<\/p>","protected":false},"featured_media":253576,"comment_status":"open","ping_status":"open","template":"","meta":[],"product_cat":[9842],"product_tag":[9778],"class_list":{"0":"post-253574","1":"product","2":"type-product","3":"status-publish","4":"has-post-thumbnail","6":"product_brand-triumf-professional-tools-slovakija","7":"product_cat-sriegikliu-ir-sriegpjoviu-laikikliai","8":"product_tag-triumf-professional-tools-slovakija","10":"first","11":"outofstock","12":"purchasable","13":"product-type-simple"},"jetpack_sharing_enabled":true,"_links":{"self":[{"href":"https:\/\/irankiuzona.lt\/ru\/wp-json\/wp\/v2\/product\/253574","targetHints":{"allow":["GET"]}}],"collection":[{"href":"https:\/\/irankiuzona.lt\/ru\/wp-json\/wp\/v2\/product"}],"about":[{"href":"https:\/\/irankiuzona.lt\/ru\/wp-json\/wp\/v2\/types\/product"}],"replies":[{"embeddable":true,"href":"https:\/\/irankiuzona.lt\/ru\/wp-json\/wp\/v2\/comments?post=253574"}],"version-history":[{"count":0,"href":"https:\/\/irankiuzona.lt\/ru\/wp-json\/wp\/v2\/product\/253574\/revisions"}],"wp:featuredmedia":[{"embeddable":true,"href":"https:\/\/irankiuzona.lt\/ru\/wp-json\/wp\/v2\/media\/253576"}],"wp:attachment":[{"href":"https:\/\/irankiuzona.lt\/ru\/wp-json\/wp\/v2\/media?parent=253574"}],"wp:term":[{"taxonomy":"product_cat","embeddable":true,"href":"https:\/\/irankiuzona.lt\/ru\/wp-json\/wp\/v2\/product_cat?post=253574"},{"taxonomy":"product_tag","embeddable":true,"href":"https:\/\/irankiuzona.lt\/ru\/wp-json\/wp\/v2\/product_tag?post=253574"}],"curies":[{"name":"wp","href":"https:\/\/api.w.org\/{rel}","templated":true}]}}