{"id":253604,"date":"2024-09-29T10:20:10","date_gmt":"2024-09-29T10:20:10","guid":{"rendered":"https:\/\/irankiuzona.lt\/product\/darbines-kelnes-smelio-spalvos-dydis-m-slim\/"},"modified":"2024-11-27T01:29:43","modified_gmt":"2024-11-27T01:29:43","slug":"darbines-kelnes-smelio-spalvos-dydis-m-slim","status":"publish","type":"product","link":"https:\/\/irankiuzona.lt\/ru\/product\/darbines-kelnes-smelio-spalvos-dydis-m-slim\/","title":{"rendered":"Darbin\u0117s keln\u0117s, sm\u0117lio spalvos, dydis M SLIM"},"content":{"rendered":"<p>Darbin\u0117s keln\u0117s pagamintos i\u0161 97 % medviln\u0117s, sud\u0117tyje yra 3 % elastano, tod\u0117l keln\u0117s yra labai elastingos, patogios, nevar\u017eo judesi\u0173. Ties juosmeniu keln\u0117se yra kilput\u0117s, galima \u012fsivert dir\u017e\u0105 bei aplink eina elastinga juosta, tod\u0117l daug lankstantis nejausite diskomforto. Keli\u0173 srityje yra specialiai prisi\u016btos ki\u0161en\u0117s antkeliams \u012fsiki\u0161ti su Velcro u\u017esegimais bei yra nedidel\u0117s \u0161vies\u0105 atspindin\u010dios juostel\u0117s r\u016bbo si\u016bl\u0117se priekyje ir gale, kurios nekrenta \u012f akis dienos metu, ta\u010diau\u00a0pad\u0117s tapt\u00a0matomiems tamsiuoju paros metu.<br \/>\n\u00b7 Audinio sud\u0117tis: 97 % medviln\u0117, 3 % elastanas.\u00b7 Audinio tankis: 270 g\/m\u00b2, keli\u0173 sutvirtinimai \u201eOxford 600D\u201c.\u00b7 5 ki\u0161en\u0117s: &#8211; 2 gilios ki\u0161en\u0117s ties juosmeniu; &#8211; 1 nedidel\u0117 ki\u0161en\u0117 susid\u0117ti smulkiems \u012frankiams: pie\u0161tukui, liniuotei ir pan., &#8211; 2 u\u017epakalin\u0117s ki\u0161en\u0117s su \u201eVelcro\u00ae\u201c atvartais.\u00b7 Spalva:\u00a0sm\u0117lio\u00a0su juodais intarpais.<\/p>","protected":false},"excerpt":{"rendered":"<p>Darbin\u0117s keln\u0117s, sm\u0117lio spalvos, dydis M SLIM<\/p>","protected":false},"featured_media":253606,"comment_status":"open","ping_status":"open","template":"","meta":[],"product_cat":[9992],"product_tag":[9969],"class_list":{"0":"post-253604","1":"product","2":"type-product","3":"status-publish","4":"has-post-thumbnail","6":"product_brand-hogert-technik-vokietija","7":"product_cat-darbines-kelnes","8":"product_tag-hogert-technik-vokietija","10":"first","11":"instock","12":"purchasable","13":"product-type-simple"},"jetpack_sharing_enabled":true,"_links":{"self":[{"href":"https:\/\/irankiuzona.lt\/ru\/wp-json\/wp\/v2\/product\/253604","targetHints":{"allow":["GET"]}}],"collection":[{"href":"https:\/\/irankiuzona.lt\/ru\/wp-json\/wp\/v2\/product"}],"about":[{"href":"https:\/\/irankiuzona.lt\/ru\/wp-json\/wp\/v2\/types\/product"}],"replies":[{"embeddable":true,"href":"https:\/\/irankiuzona.lt\/ru\/wp-json\/wp\/v2\/comments?post=253604"}],"version-history":[{"count":0,"href":"https:\/\/irankiuzona.lt\/ru\/wp-json\/wp\/v2\/product\/253604\/revisions"}],"wp:featuredmedia":[{"embeddable":true,"href":"https:\/\/irankiuzona.lt\/ru\/wp-json\/wp\/v2\/media\/253606"}],"wp:attachment":[{"href":"https:\/\/irankiuzona.lt\/ru\/wp-json\/wp\/v2\/media?parent=253604"}],"wp:term":[{"taxonomy":"product_cat","embeddable":true,"href":"https:\/\/irankiuzona.lt\/ru\/wp-json\/wp\/v2\/product_cat?post=253604"},{"taxonomy":"product_tag","embeddable":true,"href":"https:\/\/irankiuzona.lt\/ru\/wp-json\/wp\/v2\/product_tag?post=253604"}],"curies":[{"name":"wp","href":"https:\/\/api.w.org\/{rel}","templated":true}]}}