{"id":253613,"date":"2024-09-29T10:20:11","date_gmt":"2024-09-29T10:20:11","guid":{"rendered":"https:\/\/irankiuzona.lt\/product\/graveris-slifuoklis-13w-230v-hogert-ht2e130\/"},"modified":"2026-04-22T10:16:24","modified_gmt":"2026-04-22T10:16:24","slug":"graveris-slifuoklis-13w-230v-hogert-ht2e130","status":"publish","type":"product","link":"https:\/\/irankiuzona.lt\/ru\/product\/graveris-slifuoklis-13w-230v-hogert-ht2e130\/","title":{"rendered":"GRAVERIS \u0160LIFUOKLIS 13W \/ 230V, HOGERT HT2E130"},"content":{"rendered":"<p>Patvarus volframo karbido velenas5 ra\u0161iklio pak\u0117limo gylio lygiai \u2013 nustato, koks gilus ir platus bus \u017eym\u0117jimasTikslus, greitas ir patvarus \u017eym\u0117jimasLengvas antgalio keitimasLengvasPatogus valdymas d\u0117l ergonomi\u0161kos formosPridedamas papildomas atsarginis ra\u0161iklis ir 2 \u0161ablonaiMaitinimas: 230 VTinklo da\u017enis: 50 HzGalia: 13WSm\u016bgio da\u017enis: 7200\/minKomplekte yra: &#8211; graviravimo \u012frenginys &#8211; graviravimo antgalis &#8211; raktas antgaliui pakeisti &#8211; 2 graviravimo \u0161ablonai (raid\u0117s, skai\u010diai, formos)<\/p>","protected":false},"excerpt":{"rendered":"<p>GRAVERIS \u0160LIFUOKLIS 13W \/ 230V<\/p>","protected":false},"featured_media":253615,"comment_status":"open","ping_status":"open","template":"","meta":[],"product_cat":[9808],"product_tag":[9969],"class_list":{"0":"post-253613","1":"product","2":"type-product","3":"status-publish","4":"has-post-thumbnail","6":"product_brand-hogert-technik-vokietija","7":"product_cat-graveriai-preciziniai-mini-slifuokliai","8":"product_tag-hogert-technik-vokietija","10":"first","11":"instock","12":"purchasable","13":"product-type-simple"},"jetpack_sharing_enabled":true,"_links":{"self":[{"href":"https:\/\/irankiuzona.lt\/ru\/wp-json\/wp\/v2\/product\/253613","targetHints":{"allow":["GET"]}}],"collection":[{"href":"https:\/\/irankiuzona.lt\/ru\/wp-json\/wp\/v2\/product"}],"about":[{"href":"https:\/\/irankiuzona.lt\/ru\/wp-json\/wp\/v2\/types\/product"}],"replies":[{"embeddable":true,"href":"https:\/\/irankiuzona.lt\/ru\/wp-json\/wp\/v2\/comments?post=253613"}],"version-history":[{"count":1,"href":"https:\/\/irankiuzona.lt\/ru\/wp-json\/wp\/v2\/product\/253613\/revisions"}],"predecessor-version":[{"id":419760,"href":"https:\/\/irankiuzona.lt\/ru\/wp-json\/wp\/v2\/product\/253613\/revisions\/419760"}],"wp:featuredmedia":[{"embeddable":true,"href":"https:\/\/irankiuzona.lt\/ru\/wp-json\/wp\/v2\/media\/253615"}],"wp:attachment":[{"href":"https:\/\/irankiuzona.lt\/ru\/wp-json\/wp\/v2\/media?parent=253613"}],"wp:term":[{"taxonomy":"product_cat","embeddable":true,"href":"https:\/\/irankiuzona.lt\/ru\/wp-json\/wp\/v2\/product_cat?post=253613"},{"taxonomy":"product_tag","embeddable":true,"href":"https:\/\/irankiuzona.lt\/ru\/wp-json\/wp\/v2\/product_tag?post=253613"}],"curies":[{"name":"wp","href":"https:\/\/api.w.org\/{rel}","templated":true}]}}