{"id":253619,"date":"2024-09-29T10:20:12","date_gmt":"2024-09-29T10:20:12","guid":{"rendered":"https:\/\/irankiuzona.lt\/product\/pneumatine-slifavimo-masinele-apvaliu-padu-150mm-ht4r652\/"},"modified":"2026-04-12T08:20:55","modified_gmt":"2026-04-12T08:20:55","slug":"pneumatine-slifavimo-masinele-apvaliu-padu-150mm-ht4r652","status":"publish","type":"product","link":"https:\/\/irankiuzona.lt\/ru\/product\/pneumatine-slifavimo-masinele-apvaliu-padu-150mm-ht4r652\/","title":{"rendered":"Pneumatin\u0117 \u0161lifavimo ma\u0161in\u0117l\u0117, apvaliu padu 150mm HT4R652"},"content":{"rendered":"<p>Pneumatinis ekscentrinis \u0161lifuoklis su dulki\u0173 surinkimo funkcija\u0160lifavimo diskas yra su Velcro, kuris leid\u017eia pritvirtinti popierinius diskusKomplekte yra \u017earna \u0161lifuokliui prijungti prie dulki\u0173 siurblio ir mai\u0161elisCharakteristikos: &#8211; a\u0161men\u0173 skersmuo 150 mm, 6 \u201d; &#8211; darbinis sl\u0117gis 0,62 MPa \/ 6,3 BAR \/ 90 PSI; &#8211; reikalingas oro srautas 85 l \/ min; &#8211; maks. Sukimosi greitis 10 500 aps.\/min.; &#8211; grei\u010dio reguliavimas; &#8211; 1\/4 colio jungtis; &#8211; \u012ftraukta jungtis susl\u0117gto oro instaliacijai; &#8211; bendras ilgis 200 mm; &#8211; svoris 0,96 kg.<\/p>","protected":false},"excerpt":{"rendered":"<p>Pneumatin\u0117 \u0161lifavimo ma\u0161in\u0117l\u0117, apvaliu padu 150mm<\/p>","protected":false},"featured_media":253621,"comment_status":"open","ping_status":"open","template":"","meta":[],"product_cat":[9676],"product_tag":[9969],"class_list":{"0":"post-253619","1":"product","2":"type-product","3":"status-publish","4":"has-post-thumbnail","6":"product_brand-hogert-technik-vokietija","7":"product_cat-pneumatiniai-slifuokliai-ju-priedai","8":"product_tag-hogert-technik-vokietija","10":"first","11":"instock","12":"purchasable","13":"product-type-simple"},"jetpack_sharing_enabled":true,"_links":{"self":[{"href":"https:\/\/irankiuzona.lt\/ru\/wp-json\/wp\/v2\/product\/253619","targetHints":{"allow":["GET"]}}],"collection":[{"href":"https:\/\/irankiuzona.lt\/ru\/wp-json\/wp\/v2\/product"}],"about":[{"href":"https:\/\/irankiuzona.lt\/ru\/wp-json\/wp\/v2\/types\/product"}],"replies":[{"embeddable":true,"href":"https:\/\/irankiuzona.lt\/ru\/wp-json\/wp\/v2\/comments?post=253619"}],"version-history":[{"count":1,"href":"https:\/\/irankiuzona.lt\/ru\/wp-json\/wp\/v2\/product\/253619\/revisions"}],"predecessor-version":[{"id":419762,"href":"https:\/\/irankiuzona.lt\/ru\/wp-json\/wp\/v2\/product\/253619\/revisions\/419762"}],"wp:featuredmedia":[{"embeddable":true,"href":"https:\/\/irankiuzona.lt\/ru\/wp-json\/wp\/v2\/media\/253621"}],"wp:attachment":[{"href":"https:\/\/irankiuzona.lt\/ru\/wp-json\/wp\/v2\/media?parent=253619"}],"wp:term":[{"taxonomy":"product_cat","embeddable":true,"href":"https:\/\/irankiuzona.lt\/ru\/wp-json\/wp\/v2\/product_cat?post=253619"},{"taxonomy":"product_tag","embeddable":true,"href":"https:\/\/irankiuzona.lt\/ru\/wp-json\/wp\/v2\/product_tag?post=253619"}],"curies":[{"name":"wp","href":"https:\/\/api.w.org\/{rel}","templated":true}]}}