{"id":253625,"date":"2024-09-29T10:20:12","date_gmt":"2024-09-29T10:20:12","guid":{"rendered":"https:\/\/irankiuzona.lt\/product\/l-formos-sesiakampiu-hex-raktu-komplektas-h15-h10\/"},"modified":"2026-05-15T15:29:03","modified_gmt":"2026-05-15T15:29:03","slug":"l-formos-sesiakampiu-hex-raktu-komplektas-h15-h10","status":"publish","type":"product","link":"https:\/\/irankiuzona.lt\/ru\/product\/l-formos-sesiakampiu-hex-raktu-komplektas-h15-h10\/","title":{"rendered":"L-formos \u0161e\u0161iakampi\u0173 HEX rakt\u0173 komplektas H1,5-H10"},"content":{"rendered":"<p>9 dali\u0173:\u00a01,5; 2,0; 2,5; 3,0; 4,0; 5,0; 6,0; 8,0; 10,0 mm<\/p>","protected":false},"excerpt":{"rendered":"<p>Lenkti \u0161e\u0161iakampiai raktai\u00a0 CV 9vnt 1,5-10mm<\/p>","protected":false},"featured_media":253627,"comment_status":"open","ping_status":"open","template":"","meta":[],"product_cat":[9560],"product_tag":[9898],"class_list":{"0":"post-253625","1":"product","2":"type-product","3":"status-publish","4":"has-post-thumbnail","6":"product_brand-avtodelo","7":"product_cat-l-formos-torx-ir-hex-raktu-komplektai","8":"product_tag-avtodelo","10":"first","11":"instock","12":"purchasable","13":"product-type-simple"},"jetpack_sharing_enabled":true,"_links":{"self":[{"href":"https:\/\/irankiuzona.lt\/ru\/wp-json\/wp\/v2\/product\/253625","targetHints":{"allow":["GET"]}}],"collection":[{"href":"https:\/\/irankiuzona.lt\/ru\/wp-json\/wp\/v2\/product"}],"about":[{"href":"https:\/\/irankiuzona.lt\/ru\/wp-json\/wp\/v2\/types\/product"}],"replies":[{"embeddable":true,"href":"https:\/\/irankiuzona.lt\/ru\/wp-json\/wp\/v2\/comments?post=253625"}],"version-history":[{"count":1,"href":"https:\/\/irankiuzona.lt\/ru\/wp-json\/wp\/v2\/product\/253625\/revisions"}],"predecessor-version":[{"id":419763,"href":"https:\/\/irankiuzona.lt\/ru\/wp-json\/wp\/v2\/product\/253625\/revisions\/419763"}],"wp:featuredmedia":[{"embeddable":true,"href":"https:\/\/irankiuzona.lt\/ru\/wp-json\/wp\/v2\/media\/253627"}],"wp:attachment":[{"href":"https:\/\/irankiuzona.lt\/ru\/wp-json\/wp\/v2\/media?parent=253625"}],"wp:term":[{"taxonomy":"product_cat","embeddable":true,"href":"https:\/\/irankiuzona.lt\/ru\/wp-json\/wp\/v2\/product_cat?post=253625"},{"taxonomy":"product_tag","embeddable":true,"href":"https:\/\/irankiuzona.lt\/ru\/wp-json\/wp\/v2\/product_tag?post=253625"}],"curies":[{"name":"wp","href":"https:\/\/api.w.org\/{rel}","templated":true}]}}