{"id":253645,"date":"2024-09-29T10:20:16","date_gmt":"2024-09-29T10:20:16","guid":{"rendered":"https:\/\/irankiuzona.lt\/product\/reples-rieboksliams-270mm\/"},"modified":"2026-04-12T21:55:34","modified_gmt":"2026-04-12T21:55:34","slug":"reples-rieboksliams-270mm","status":"publish","type":"product","link":"https:\/\/irankiuzona.lt\/ru\/product\/reples-rieboksliams-270mm\/","title":{"rendered":"Repl\u0117s riebok\u0161liams 270mm"},"content":{"rendered":"<p>ypa\u010d ilgos,\u00a0ypatingai tinkan\u010dios\u00a0varikliams, pvz. Opel, VW ir Ford<br \/>\nIlgis 270mm.<\/p>","protected":false},"excerpt":{"rendered":"<p>Repl\u0117s riebok\u0161liams 270mm<\/p>","protected":false},"featured_media":253647,"comment_status":"open","ping_status":"open","template":"","meta":[],"product_cat":[9730],"product_tag":[9845],"class_list":{"0":"post-253645","1":"product","2":"type-product","3":"status-publish","4":"has-post-thumbnail","6":"product_brand-vokietija-germany","7":"product_cat-irankiai-rieboksliams","8":"product_tag-vokietija-germany","10":"first","11":"outofstock","12":"purchasable","13":"product-type-simple"},"jetpack_sharing_enabled":true,"_links":{"self":[{"href":"https:\/\/irankiuzona.lt\/ru\/wp-json\/wp\/v2\/product\/253645","targetHints":{"allow":["GET"]}}],"collection":[{"href":"https:\/\/irankiuzona.lt\/ru\/wp-json\/wp\/v2\/product"}],"about":[{"href":"https:\/\/irankiuzona.lt\/ru\/wp-json\/wp\/v2\/types\/product"}],"replies":[{"embeddable":true,"href":"https:\/\/irankiuzona.lt\/ru\/wp-json\/wp\/v2\/comments?post=253645"}],"version-history":[{"count":1,"href":"https:\/\/irankiuzona.lt\/ru\/wp-json\/wp\/v2\/product\/253645\/revisions"}],"predecessor-version":[{"id":419770,"href":"https:\/\/irankiuzona.lt\/ru\/wp-json\/wp\/v2\/product\/253645\/revisions\/419770"}],"wp:featuredmedia":[{"embeddable":true,"href":"https:\/\/irankiuzona.lt\/ru\/wp-json\/wp\/v2\/media\/253647"}],"wp:attachment":[{"href":"https:\/\/irankiuzona.lt\/ru\/wp-json\/wp\/v2\/media?parent=253645"}],"wp:term":[{"taxonomy":"product_cat","embeddable":true,"href":"https:\/\/irankiuzona.lt\/ru\/wp-json\/wp\/v2\/product_cat?post=253645"},{"taxonomy":"product_tag","embeddable":true,"href":"https:\/\/irankiuzona.lt\/ru\/wp-json\/wp\/v2\/product_tag?post=253645"}],"curies":[{"name":"wp","href":"https:\/\/api.w.org\/{rel}","templated":true}]}}