{"id":253653,"date":"2024-09-29T10:20:17","date_gmt":"2024-09-29T10:20:17","guid":{"rendered":"https:\/\/irankiuzona.lt\/product\/teleskopinis-veidrodelis-63x45mm\/"},"modified":"2026-05-15T01:42:45","modified_gmt":"2026-05-15T01:42:45","slug":"teleskopinis-veidrodelis-63x45mm","status":"publish","type":"product","link":"https:\/\/irankiuzona.lt\/ru\/product\/teleskopinis-veidrodelis-63x45mm\/","title":{"rendered":"Teleskopinis veidrod\u0117lis 63x45mm"},"content":{"rendered":"<p>teleskopo ilgis: 165 &#8211; 655 mmveidrod\u0117lio matmenys: 63 x 45 mmsu neslystan\u010dia rankena.<\/p>","protected":false},"excerpt":{"rendered":"<p>Teleskopinis veidrod\u0117lis 63x45mm<\/p>","protected":false},"featured_media":253655,"comment_status":"open","ping_status":"open","template":"","meta":[],"product_cat":[9539],"product_tag":[9845],"class_list":{"0":"post-253653","1":"product","2":"type-product","3":"status-publish","4":"has-post-thumbnail","6":"product_brand-vokietija-germany","7":"product_cat-griebtuvai-magnetai-veidrodeliai","8":"product_tag-vokietija-germany","10":"first","11":"instock","12":"purchasable","13":"product-type-simple"},"jetpack_sharing_enabled":true,"_links":{"self":[{"href":"https:\/\/irankiuzona.lt\/ru\/wp-json\/wp\/v2\/product\/253653","targetHints":{"allow":["GET"]}}],"collection":[{"href":"https:\/\/irankiuzona.lt\/ru\/wp-json\/wp\/v2\/product"}],"about":[{"href":"https:\/\/irankiuzona.lt\/ru\/wp-json\/wp\/v2\/types\/product"}],"replies":[{"embeddable":true,"href":"https:\/\/irankiuzona.lt\/ru\/wp-json\/wp\/v2\/comments?post=253653"}],"version-history":[{"count":1,"href":"https:\/\/irankiuzona.lt\/ru\/wp-json\/wp\/v2\/product\/253653\/revisions"}],"predecessor-version":[{"id":419773,"href":"https:\/\/irankiuzona.lt\/ru\/wp-json\/wp\/v2\/product\/253653\/revisions\/419773"}],"wp:featuredmedia":[{"embeddable":true,"href":"https:\/\/irankiuzona.lt\/ru\/wp-json\/wp\/v2\/media\/253655"}],"wp:attachment":[{"href":"https:\/\/irankiuzona.lt\/ru\/wp-json\/wp\/v2\/media?parent=253653"}],"wp:term":[{"taxonomy":"product_cat","embeddable":true,"href":"https:\/\/irankiuzona.lt\/ru\/wp-json\/wp\/v2\/product_cat?post=253653"},{"taxonomy":"product_tag","embeddable":true,"href":"https:\/\/irankiuzona.lt\/ru\/wp-json\/wp\/v2\/product_tag?post=253653"}],"curies":[{"name":"wp","href":"https:\/\/api.w.org\/{rel}","templated":true}]}}