{"id":253683,"date":"2024-09-29T10:20:34","date_gmt":"2024-09-29T10:20:34","guid":{"rendered":"https:\/\/irankiuzona.lt\/product\/litavimo-stotele-70w\/"},"modified":"2026-05-15T08:40:19","modified_gmt":"2026-05-15T08:40:19","slug":"litavimo-stotele-70w","status":"publish","type":"product","link":"https:\/\/irankiuzona.lt\/ru\/product\/litavimo-stotele-70w\/","title":{"rendered":"Litavimo stotel\u0117 70W"},"content":{"rendered":"<p>ParametraiSvoris [g]: 1400Galia [W]: 70Matmenys [mm]: 140 x 115 x 85\u012e\u0161ilimo laikas [s]: nuo 25 s iki 350 \u00b0CMaksimali antgalio temperat\u016bra [\u00b0 C]: 480<\/p>\n","protected":false},"excerpt":{"rendered":"<p>Litavimo stotel\u0117 70w Led ekranas<\/p>","protected":false},"featured_media":253685,"comment_status":"open","ping_status":"open","template":"","meta":[],"product_cat":[9839],"product_tag":[9483],"class_list":{"0":"post-253683","1":"product","2":"type-product","3":"status-publish","4":"has-post-thumbnail","6":"product_brand-yato-lenkija","7":"product_cat-lituokliai-ir-litavimo-priedai","8":"product_tag-yato-lenkija","10":"first","11":"instock","12":"purchasable","13":"product-type-simple"},"jetpack_sharing_enabled":true,"_links":{"self":[{"href":"https:\/\/irankiuzona.lt\/ru\/wp-json\/wp\/v2\/product\/253683","targetHints":{"allow":["GET"]}}],"collection":[{"href":"https:\/\/irankiuzona.lt\/ru\/wp-json\/wp\/v2\/product"}],"about":[{"href":"https:\/\/irankiuzona.lt\/ru\/wp-json\/wp\/v2\/types\/product"}],"replies":[{"embeddable":true,"href":"https:\/\/irankiuzona.lt\/ru\/wp-json\/wp\/v2\/comments?post=253683"}],"version-history":[{"count":1,"href":"https:\/\/irankiuzona.lt\/ru\/wp-json\/wp\/v2\/product\/253683\/revisions"}],"predecessor-version":[{"id":419783,"href":"https:\/\/irankiuzona.lt\/ru\/wp-json\/wp\/v2\/product\/253683\/revisions\/419783"}],"wp:featuredmedia":[{"embeddable":true,"href":"https:\/\/irankiuzona.lt\/ru\/wp-json\/wp\/v2\/media\/253685"}],"wp:attachment":[{"href":"https:\/\/irankiuzona.lt\/ru\/wp-json\/wp\/v2\/media?parent=253683"}],"wp:term":[{"taxonomy":"product_cat","embeddable":true,"href":"https:\/\/irankiuzona.lt\/ru\/wp-json\/wp\/v2\/product_cat?post=253683"},{"taxonomy":"product_tag","embeddable":true,"href":"https:\/\/irankiuzona.lt\/ru\/wp-json\/wp\/v2\/product_tag?post=253683"}],"curies":[{"name":"wp","href":"https:\/\/api.w.org\/{rel}","templated":true}]}}