{"id":253689,"date":"2024-09-29T10:20:37","date_gmt":"2024-09-29T10:20:37","guid":{"rendered":"https:\/\/irankiuzona.lt\/product\/vag-uzdegimo-rites-nuemejas-fsi-tfsi-tsi-nuo-2013m\/"},"modified":"2026-05-09T18:24:34","modified_gmt":"2026-05-09T18:24:34","slug":"vag-uzdegimo-rites-nuemejas-fsi-tfsi-tsi-nuo-2013m","status":"publish","type":"product","link":"https:\/\/irankiuzona.lt\/ru\/product\/vag-uzdegimo-rites-nuemejas-fsi-tfsi-tsi-nuo-2013m\/","title":{"rendered":"VAG U\u017edegimo rites nu\u0117m\u0117jas FSi, TFSi, TSi nuo 2013m"},"content":{"rendered":"<p>Designed for dismantling the ignition coils of engines of VAG cars.<br \/>\nApplicable for 1.2 gasoline engines; 1.4; 1.8 and 2.0 FSi, TFSi, TSi (from 2013 onwards).<br \/>\nThe puller is a functional analogue of the original T10530 tool.<br \/>\nComes stored and orginized in a individual blister pack.<\/p>","protected":false},"excerpt":{"rendered":"<p>VAG U\u017edegimo rites nu\u0117m\u0117jas FSi, TFSi, TSi varikliams nuo 2013 \/ VAG-T10530<\/p>","protected":false},"featured_media":253691,"comment_status":"open","ping_status":"open","template":"","meta":[],"product_cat":[9543],"product_tag":[9898],"class_list":{"0":"post-253689","1":"product","2":"type-product","3":"status-publish","4":"has-post-thumbnail","6":"product_brand-avtodelo","7":"product_cat-vag-vw-skoda-blokatoriai","8":"product_tag-avtodelo","10":"first","11":"outofstock","12":"purchasable","13":"product-type-simple"},"jetpack_sharing_enabled":true,"_links":{"self":[{"href":"https:\/\/irankiuzona.lt\/ru\/wp-json\/wp\/v2\/product\/253689","targetHints":{"allow":["GET"]}}],"collection":[{"href":"https:\/\/irankiuzona.lt\/ru\/wp-json\/wp\/v2\/product"}],"about":[{"href":"https:\/\/irankiuzona.lt\/ru\/wp-json\/wp\/v2\/types\/product"}],"replies":[{"embeddable":true,"href":"https:\/\/irankiuzona.lt\/ru\/wp-json\/wp\/v2\/comments?post=253689"}],"version-history":[{"count":1,"href":"https:\/\/irankiuzona.lt\/ru\/wp-json\/wp\/v2\/product\/253689\/revisions"}],"predecessor-version":[{"id":419785,"href":"https:\/\/irankiuzona.lt\/ru\/wp-json\/wp\/v2\/product\/253689\/revisions\/419785"}],"wp:featuredmedia":[{"embeddable":true,"href":"https:\/\/irankiuzona.lt\/ru\/wp-json\/wp\/v2\/media\/253691"}],"wp:attachment":[{"href":"https:\/\/irankiuzona.lt\/ru\/wp-json\/wp\/v2\/media?parent=253689"}],"wp:term":[{"taxonomy":"product_cat","embeddable":true,"href":"https:\/\/irankiuzona.lt\/ru\/wp-json\/wp\/v2\/product_cat?post=253689"},{"taxonomy":"product_tag","embeddable":true,"href":"https:\/\/irankiuzona.lt\/ru\/wp-json\/wp\/v2\/product_tag?post=253689"}],"curies":[{"name":"wp","href":"https:\/\/api.w.org\/{rel}","templated":true}]}}