{"id":253698,"date":"2024-09-29T10:20:38","date_gmt":"2024-09-29T10:20:38","guid":{"rendered":"https:\/\/irankiuzona.lt\/product\/aliuminis-lagaminas-irankiams-460x340x150mm\/"},"modified":"2026-04-03T17:52:24","modified_gmt":"2026-04-03T17:52:24","slug":"aliuminis-lagaminas-irankiams-460x340x150mm","status":"publish","type":"product","link":"https:\/\/irankiuzona.lt\/ru\/product\/aliuminis-lagaminas-irankiams-460x340x150mm\/","title":{"rendered":"Aliuminis lagaminas \u012frankiams 460x340x150mm"},"content":{"rendered":"","protected":false},"excerpt":{"rendered":"<p>\u012eranki\u0173 lagaminas aliuminis \/\u00a0460mm x 340mm x 150mm<\/p>","protected":false},"featured_media":253700,"comment_status":"open","ping_status":"open","template":"","meta":[],"product_cat":[9831],"product_tag":[9462],"class_list":{"0":"post-253698","1":"product","2":"type-product","3":"status-publish","4":"has-post-thumbnail","6":"product_brand-condor-werkzeug-vokietija","7":"product_cat-irankiu-dezes-krepsiai-kuprines-dirzai","8":"product_tag-condor-werkzeug-vokietija","10":"first","11":"outofstock","12":"purchasable","13":"product-type-simple"},"jetpack_sharing_enabled":true,"_links":{"self":[{"href":"https:\/\/irankiuzona.lt\/ru\/wp-json\/wp\/v2\/product\/253698","targetHints":{"allow":["GET"]}}],"collection":[{"href":"https:\/\/irankiuzona.lt\/ru\/wp-json\/wp\/v2\/product"}],"about":[{"href":"https:\/\/irankiuzona.lt\/ru\/wp-json\/wp\/v2\/types\/product"}],"replies":[{"embeddable":true,"href":"https:\/\/irankiuzona.lt\/ru\/wp-json\/wp\/v2\/comments?post=253698"}],"version-history":[{"count":0,"href":"https:\/\/irankiuzona.lt\/ru\/wp-json\/wp\/v2\/product\/253698\/revisions"}],"wp:featuredmedia":[{"embeddable":true,"href":"https:\/\/irankiuzona.lt\/ru\/wp-json\/wp\/v2\/media\/253700"}],"wp:attachment":[{"href":"https:\/\/irankiuzona.lt\/ru\/wp-json\/wp\/v2\/media?parent=253698"}],"wp:term":[{"taxonomy":"product_cat","embeddable":true,"href":"https:\/\/irankiuzona.lt\/ru\/wp-json\/wp\/v2\/product_cat?post=253698"},{"taxonomy":"product_tag","embeddable":true,"href":"https:\/\/irankiuzona.lt\/ru\/wp-json\/wp\/v2\/product_tag?post=253698"}],"curies":[{"name":"wp","href":"https:\/\/api.w.org\/{rel}","templated":true}]}}