{"id":253707,"date":"2024-09-29T10:20:39","date_gmt":"2024-09-29T10:20:39","guid":{"rendered":"https:\/\/irankiuzona.lt\/product\/vag-grandiniu-keitimo-pagalbinis-irankis-itempejui-tsi-tfsi\/"},"modified":"2026-04-03T17:52:25","modified_gmt":"2026-04-03T17:52:25","slug":"vag-grandiniu-keitimo-pagalbinis-irankis-itempejui-tsi-tfsi","status":"publish","type":"product","link":"https:\/\/irankiuzona.lt\/ru\/product\/vag-grandiniu-keitimo-pagalbinis-irankis-itempejui-tsi-tfsi\/","title":{"rendered":"VAG grandini\u0173 keitimo pagalbinis \u012frankis \u012ftemp\u0117jui TSI\/TFSI"},"content":{"rendered":"<p>Tension Lever for Timing Chains, VAG T40243<\/p>\n<p>for 1.8 and 2.0 L TFSI\/TSI Engines<br \/>\nin Audi A1 (8X, GB), A3 (8P, 8V), A4 (B8, B9), A5 (8T, 8F, F5), A6 (C7), A7, Q2 (GA), Q3 (8U, F3), Q5 (8R) and TT (8J, FV)<br \/>\nin Seat Alhambra, Altea, Exeo, Leon (1P, 5F), Tarraco and Toledo III<br \/>\nin Skoda Kodiaq, Octavia II + III, Superb II + III and Yeti<br \/>\nin VW Amarock, Arteon, Beetle (5C), CC, Golf V + VI + VII, Jetta III + IV, Passat (B6, B7, B8), Polo V + VI, Sciroco III, Sharan II, Tiguan I + II, T-Roc, T5 and T6<br \/>\nto push back the chain tensioner without damaging<br \/>\nno need to remove the front motor cover<br \/>\nfor timing chain replacement or engine repair<\/p>\n<p>for engine codes:\u00a0BYT, BZB, CABA, CABB, CABD, CAEB, CAED, CAWA, CAWB, CBFA, CCTA, CCZA, CCZB, CCZC, CCZD, CDAA, CDAB, CDHA, CDHB, CDNB, CDNC, CESA, CETA, CFKA, CFPA, CGYA, CHHA, CHHB, CHHC, CHJA, CJEB, CJED, CJEE, CJKA, CJKB, CJSA, CJSB, CJSC, CJXA, CJXB, CJXC, CJXD, CJXE, CJXF, CJXG, CJXH, CNCB, CNCD, CNCE, CNSB, CNTA, CNTC, CPLA, CPMA, CPMB, CPPA, CPSA, CULA, CULB, CULC, CVKB, CWZA, CXDA, CYGA, CYMC, CYNB, CYPA, CYPB, CYRB, CYRC, CZPA, CZPB, DAJA, DAJB, DAXB, DAXC, DAYB, DBPA, DDWA, DEDA, DHGA, DJHA, DJHB, DJHC, DLBA<\/p>","protected":false},"excerpt":{"rendered":"<p>\u012etempimo svirtis paskirstymo grandin\u0117ms, VAG\u00a0T40243 \/ nuspaudimo \u012frankis grandini\u0173 \u012ftemp\u0117jui kei\u010diant TSI\/TFSI grandines<\/p>","protected":false},"featured_media":253709,"comment_status":"open","ping_status":"open","template":"","meta":[],"product_cat":[9543],"product_tag":[9462],"class_list":{"0":"post-253707","1":"product","2":"type-product","3":"status-publish","4":"has-post-thumbnail","6":"product_brand-condor-werkzeug-vokietija","7":"product_cat-vag-vw-skoda-blokatoriai","8":"product_tag-condor-werkzeug-vokietija","10":"first","11":"instock","12":"purchasable","13":"product-type-simple"},"jetpack_sharing_enabled":true,"_links":{"self":[{"href":"https:\/\/irankiuzona.lt\/ru\/wp-json\/wp\/v2\/product\/253707","targetHints":{"allow":["GET"]}}],"collection":[{"href":"https:\/\/irankiuzona.lt\/ru\/wp-json\/wp\/v2\/product"}],"about":[{"href":"https:\/\/irankiuzona.lt\/ru\/wp-json\/wp\/v2\/types\/product"}],"replies":[{"embeddable":true,"href":"https:\/\/irankiuzona.lt\/ru\/wp-json\/wp\/v2\/comments?post=253707"}],"version-history":[{"count":0,"href":"https:\/\/irankiuzona.lt\/ru\/wp-json\/wp\/v2\/product\/253707\/revisions"}],"wp:featuredmedia":[{"embeddable":true,"href":"https:\/\/irankiuzona.lt\/ru\/wp-json\/wp\/v2\/media\/253709"}],"wp:attachment":[{"href":"https:\/\/irankiuzona.lt\/ru\/wp-json\/wp\/v2\/media?parent=253707"}],"wp:term":[{"taxonomy":"product_cat","embeddable":true,"href":"https:\/\/irankiuzona.lt\/ru\/wp-json\/wp\/v2\/product_cat?post=253707"},{"taxonomy":"product_tag","embeddable":true,"href":"https:\/\/irankiuzona.lt\/ru\/wp-json\/wp\/v2\/product_tag?post=253707"}],"curies":[{"name":"wp","href":"https:\/\/api.w.org\/{rel}","templated":true}]}}