{"id":253725,"date":"2024-09-29T10:20:41","date_gmt":"2024-09-29T10:20:41","guid":{"rendered":"https:\/\/irankiuzona.lt\/product\/spec-galvute-ratu-varztams-1-2-18-519-5mm\/"},"modified":"2026-04-04T01:21:48","modified_gmt":"2026-04-04T01:21:48","slug":"spec-galvute-ratu-varztams-1-2-18-519-5mm","status":"publish","type":"product","link":"https:\/\/irankiuzona.lt\/ru\/product\/spec-galvute-ratu-varztams-1-2-18-519-5mm\/","title":{"rendered":"Spec. galvut\u0117 rat\u0173 var\u017etams 1\/2 18.5+19.5mm"},"content":{"rendered":"<p>Special Wheel Nut Socket, 1\/2&quot;, SW18.5 + 19.5 mm<\/p>\n<p>for loosening wheel bolts with damaged or missing chrome caps<br \/>\n18.5 mm for wheel nuts size 19 with missing cap<br \/>\n19.5 mm for wheel nuts size 19 with damaged cap<\/p>","protected":false},"excerpt":{"rendered":"<p>Speciali galvut\u0117 pa\u017eeistiems rat\u0173 var\u017etams atsukti &#8211; dvipus\u0117 18.5mm + 19.5mm<\/p>","protected":false},"featured_media":253727,"comment_status":"open","ping_status":"open","template":"","meta":[],"product_cat":[9492],"product_tag":[9462],"class_list":{"0":"post-253725","1":"product","2":"type-product","3":"status-publish","4":"has-post-thumbnail","6":"product_brand-condor-werkzeug-vokietija","7":"product_cat-ratu-varztams-galvutes-raktai-sepeciai","8":"product_tag-condor-werkzeug-vokietija","10":"first","11":"instock","12":"purchasable","13":"product-type-simple"},"jetpack_sharing_enabled":true,"_links":{"self":[{"href":"https:\/\/irankiuzona.lt\/ru\/wp-json\/wp\/v2\/product\/253725","targetHints":{"allow":["GET"]}}],"collection":[{"href":"https:\/\/irankiuzona.lt\/ru\/wp-json\/wp\/v2\/product"}],"about":[{"href":"https:\/\/irankiuzona.lt\/ru\/wp-json\/wp\/v2\/types\/product"}],"replies":[{"embeddable":true,"href":"https:\/\/irankiuzona.lt\/ru\/wp-json\/wp\/v2\/comments?post=253725"}],"version-history":[{"count":0,"href":"https:\/\/irankiuzona.lt\/ru\/wp-json\/wp\/v2\/product\/253725\/revisions"}],"wp:featuredmedia":[{"embeddable":true,"href":"https:\/\/irankiuzona.lt\/ru\/wp-json\/wp\/v2\/media\/253727"}],"wp:attachment":[{"href":"https:\/\/irankiuzona.lt\/ru\/wp-json\/wp\/v2\/media?parent=253725"}],"wp:term":[{"taxonomy":"product_cat","embeddable":true,"href":"https:\/\/irankiuzona.lt\/ru\/wp-json\/wp\/v2\/product_cat?post=253725"},{"taxonomy":"product_tag","embeddable":true,"href":"https:\/\/irankiuzona.lt\/ru\/wp-json\/wp\/v2\/product_tag?post=253725"}],"curies":[{"name":"wp","href":"https:\/\/api.w.org\/{rel}","templated":true}]}}