{"id":253728,"date":"2024-09-29T10:20:41","date_gmt":"2024-09-29T10:20:41","guid":{"rendered":"https:\/\/irankiuzona.lt\/product\/adapteriai-dyzeliniu-purkstuku-tikrinimui\/"},"modified":"2026-04-12T06:05:47","modified_gmt":"2026-04-12T06:05:47","slug":"adapteriai-dyzeliniu-purkstuku-tikrinimui","status":"publish","type":"product","link":"https:\/\/irankiuzona.lt\/ru\/product\/adapteriai-dyzeliniu-purkstuku-tikrinimui\/","title":{"rendered":"Adapteriai dyzelini\u0173 purk\u0161tuk\u0173 tikrinimui"},"content":{"rendered":"<p>Po 6 adapterius: BOSCH (C1) &#8211; SIEMENS (C2) &#8211; DENSO (C3) &#8211; DELPHI\u00a0<\/p>","protected":false},"excerpt":{"rendered":"<p>Adapteri\u0173 komplektas dyzelini\u0173 purk\u0161tuk\u0173 gr\u012f\u017etamajam kurui tikrinti<\/p>","protected":false},"featured_media":253730,"comment_status":"open","ping_status":"open","template":"","meta":[],"product_cat":[9700],"product_tag":[9462],"class_list":{"0":"post-253728","1":"product","2":"type-product","3":"status-publish","4":"has-post-thumbnail","6":"product_brand-condor-werkzeug-vokietija","7":"product_cat-dyzeliniu-purkstuku-diagnostika","8":"product_tag-condor-werkzeug-vokietija","10":"first","11":"instock","12":"purchasable","13":"product-type-simple"},"jetpack_sharing_enabled":true,"_links":{"self":[{"href":"https:\/\/irankiuzona.lt\/ru\/wp-json\/wp\/v2\/product\/253728","targetHints":{"allow":["GET"]}}],"collection":[{"href":"https:\/\/irankiuzona.lt\/ru\/wp-json\/wp\/v2\/product"}],"about":[{"href":"https:\/\/irankiuzona.lt\/ru\/wp-json\/wp\/v2\/types\/product"}],"replies":[{"embeddable":true,"href":"https:\/\/irankiuzona.lt\/ru\/wp-json\/wp\/v2\/comments?post=253728"}],"version-history":[{"count":1,"href":"https:\/\/irankiuzona.lt\/ru\/wp-json\/wp\/v2\/product\/253728\/revisions"}],"predecessor-version":[{"id":419797,"href":"https:\/\/irankiuzona.lt\/ru\/wp-json\/wp\/v2\/product\/253728\/revisions\/419797"}],"wp:featuredmedia":[{"embeddable":true,"href":"https:\/\/irankiuzona.lt\/ru\/wp-json\/wp\/v2\/media\/253730"}],"wp:attachment":[{"href":"https:\/\/irankiuzona.lt\/ru\/wp-json\/wp\/v2\/media?parent=253728"}],"wp:term":[{"taxonomy":"product_cat","embeddable":true,"href":"https:\/\/irankiuzona.lt\/ru\/wp-json\/wp\/v2\/product_cat?post=253728"},{"taxonomy":"product_tag","embeddable":true,"href":"https:\/\/irankiuzona.lt\/ru\/wp-json\/wp\/v2\/product_tag?post=253728"}],"curies":[{"name":"wp","href":"https:\/\/api.w.org\/{rel}","templated":true}]}}