{"id":253834,"date":"2024-07-26T06:31:48","date_gmt":"2024-07-26T06:31:48","guid":{"rendered":"https:\/\/irankiuzona.lt\/product\/suvirinimo-skydelis-su-automatiskai-tamsejanciu-filtru-2\/"},"modified":"2026-05-14T20:34:23","modified_gmt":"2026-05-14T20:34:23","slug":"suvirinimo-skydelis-su-automatiskai-tamsejanciu-filtru-2","status":"publish","type":"product","link":"https:\/\/irankiuzona.lt\/ru\/product\/suvirinimo-skydelis-su-automatiskai-tamsejanciu-filtru-2\/","title":{"rendered":"SUVIRINIMO SKYDELIS SU AUTOMATI\u0160KAI TAMS\u0116JAN\u010cIU FILTRU"},"content":{"rendered":"<p>\u0160almas pagamintas i\u0161 labai atsparios polimerin\u0117s med\u017eiagos.\u0160almo kampo reguliavimasDu lanko jutikliai.Optin\u0117 klas\u0117: 1\/2\/1\/2\u0160viesos b\u016bkl\u0117: 4 DIN.Atspalvio reguliavimas 9-13 DIN.Reguliuojamas 0,1\u20130,8 s v\u0117lavimas.Apsauga nuo UV \/ IR: 16 DINFiltro matmenys: 138 mm x 113,5 mm x 9 mmMatymo laukas: 100 mm x 60 mmAtsakymo laikas: ne daugiau kaip 0,0003 s.Darbin\u0117 temperat\u016bra: -10 \u00b0 + 65 \u00b0 CJis turi CE saugos \u017eenkl\u0105<\/p>","protected":false},"excerpt":{"rendered":"<p>\u0160almas pagamintas i\u0161 labai atsparios polimerin\u0117s med\u017eiagos.\u0160almo kampo reguliavimasDu lanko jutikliai.Optin\u0117 klas\u0117: 1\/2\/1\/2\u0160viesos b\u016bkl\u0117: 4 DIN.Atspalvio reguliavimas 9-13 DIN.Reguliuojamas 0,1\u20130,8 s v\u0117lavimas.Apsauga nuo UV \/ IR: 16 DINFiltro matmenys: 138<\/p>","protected":false},"featured_media":253836,"comment_status":"open","ping_status":"open","template":"","meta":[],"product_cat":[9893],"product_tag":[10087],"class_list":{"0":"post-253834","1":"product","2":"type-product","3":"status-publish","4":"has-post-thumbnail","6":"product_brand-verke","7":"product_cat-suvirinimo-iranga","8":"product_tag-verke","10":"first","11":"instock","12":"purchasable","13":"product-type-simple"},"jetpack_sharing_enabled":true,"_links":{"self":[{"href":"https:\/\/irankiuzona.lt\/ru\/wp-json\/wp\/v2\/product\/253834","targetHints":{"allow":["GET"]}}],"collection":[{"href":"https:\/\/irankiuzona.lt\/ru\/wp-json\/wp\/v2\/product"}],"about":[{"href":"https:\/\/irankiuzona.lt\/ru\/wp-json\/wp\/v2\/types\/product"}],"replies":[{"embeddable":true,"href":"https:\/\/irankiuzona.lt\/ru\/wp-json\/wp\/v2\/comments?post=253834"}],"version-history":[{"count":1,"href":"https:\/\/irankiuzona.lt\/ru\/wp-json\/wp\/v2\/product\/253834\/revisions"}],"predecessor-version":[{"id":419831,"href":"https:\/\/irankiuzona.lt\/ru\/wp-json\/wp\/v2\/product\/253834\/revisions\/419831"}],"wp:featuredmedia":[{"embeddable":true,"href":"https:\/\/irankiuzona.lt\/ru\/wp-json\/wp\/v2\/media\/253836"}],"wp:attachment":[{"href":"https:\/\/irankiuzona.lt\/ru\/wp-json\/wp\/v2\/media?parent=253834"}],"wp:term":[{"taxonomy":"product_cat","embeddable":true,"href":"https:\/\/irankiuzona.lt\/ru\/wp-json\/wp\/v2\/product_cat?post=253834"},{"taxonomy":"product_tag","embeddable":true,"href":"https:\/\/irankiuzona.lt\/ru\/wp-json\/wp\/v2\/product_tag?post=253834"}],"curies":[{"name":"wp","href":"https:\/\/api.w.org\/{rel}","templated":true}]}}