{"id":253950,"date":"2024-09-29T10:30:06","date_gmt":"2024-09-29T10:30:06","guid":{"rendered":"https:\/\/irankiuzona.lt\/product\/arku-valcavimo-platinimo-irankis\/"},"modified":"2026-04-14T14:25:07","modified_gmt":"2026-04-14T14:25:07","slug":"arku-valcavimo-platinimo-irankis","status":"publish","type":"product","link":"https:\/\/irankiuzona.lt\/ru\/product\/arku-valcavimo-platinimo-irankis\/","title":{"rendered":"Ark\u0173 valcavimo-platinimo \u012frankis"},"content":{"rendered":"","protected":false},"excerpt":{"rendered":"<p>\u012erankis automobilio arkoms platinti, valcuoti.<\/p>","protected":false},"featured_media":189156,"comment_status":"open","ping_status":"open","template":"","meta":[],"product_cat":[9556],"product_tag":[9435],"class_list":{"0":"post-253950","1":"product","2":"type-product","3":"status-publish","4":"has-post-thumbnail","6":"product_brand-kinija","7":"product_cat-irankiai-kebulo-lyginimui","8":"product_tag-kinija","10":"first","11":"outofstock","12":"purchasable","13":"product-type-simple"},"jetpack_sharing_enabled":true,"_links":{"self":[{"href":"https:\/\/irankiuzona.lt\/ru\/wp-json\/wp\/v2\/product\/253950","targetHints":{"allow":["GET"]}}],"collection":[{"href":"https:\/\/irankiuzona.lt\/ru\/wp-json\/wp\/v2\/product"}],"about":[{"href":"https:\/\/irankiuzona.lt\/ru\/wp-json\/wp\/v2\/types\/product"}],"replies":[{"embeddable":true,"href":"https:\/\/irankiuzona.lt\/ru\/wp-json\/wp\/v2\/comments?post=253950"}],"version-history":[{"count":1,"href":"https:\/\/irankiuzona.lt\/ru\/wp-json\/wp\/v2\/product\/253950\/revisions"}],"predecessor-version":[{"id":419868,"href":"https:\/\/irankiuzona.lt\/ru\/wp-json\/wp\/v2\/product\/253950\/revisions\/419868"}],"wp:featuredmedia":[{"embeddable":true,"href":"https:\/\/irankiuzona.lt\/ru\/wp-json\/wp\/v2\/media\/189156"}],"wp:attachment":[{"href":"https:\/\/irankiuzona.lt\/ru\/wp-json\/wp\/v2\/media?parent=253950"}],"wp:term":[{"taxonomy":"product_cat","embeddable":true,"href":"https:\/\/irankiuzona.lt\/ru\/wp-json\/wp\/v2\/product_cat?post=253950"},{"taxonomy":"product_tag","embeddable":true,"href":"https:\/\/irankiuzona.lt\/ru\/wp-json\/wp\/v2\/product_tag?post=253950"}],"curies":[{"name":"wp","href":"https:\/\/api.w.org\/{rel}","templated":true}]}}