{"id":253960,"date":"2024-09-29T10:30:07","date_gmt":"2024-09-29T10:30:07","guid":{"rendered":"https:\/\/irankiuzona.lt\/product\/vezimelis-platforma-automobiliui-stumti-2vnt-450kg\/"},"modified":"2026-04-11T20:45:54","modified_gmt":"2026-04-11T20:45:54","slug":"vezimelis-platforma-automobiliui-stumti-2vnt-450kg","status":"publish","type":"product","link":"https:\/\/irankiuzona.lt\/ru\/product\/vezimelis-platforma-automobiliui-stumti-2vnt-450kg\/","title":{"rendered":"V\u0117\u017eim\u0117lis-platforma automobiliui stumti 2vnt. 450kg"},"content":{"rendered":"<p>Apkrova\u00a0\/ vnt: 450 kg- Puikiai tinka manevruoti ma\u017euose plotuose- 4 plieniniai ratukai<\/p>","protected":false},"excerpt":{"rendered":"<p>Automobili\u0173 transportavimo ratukai-platformos, skirtos perstumti automobilius. Ve\u017eim\u0117lis automobiliui naudojamas po automobilio ratais ar va\u017eiuokl\u0117s dalimis.<\/p>","protected":false},"featured_media":253962,"comment_status":"open","ping_status":"open","template":"","meta":[],"product_cat":[10066],"product_tag":[9845],"class_list":{"0":"post-253960","1":"product","2":"type-product","3":"status-publish","4":"has-post-thumbnail","6":"product_brand-vokietija-germany","7":"product_cat-automobiliu-transportavimo-vezimeliai","8":"product_tag-vokietija-germany","10":"first","11":"outofstock","12":"purchasable","13":"product-type-simple"},"jetpack_sharing_enabled":true,"_links":{"self":[{"href":"https:\/\/irankiuzona.lt\/ru\/wp-json\/wp\/v2\/product\/253960","targetHints":{"allow":["GET"]}}],"collection":[{"href":"https:\/\/irankiuzona.lt\/ru\/wp-json\/wp\/v2\/product"}],"about":[{"href":"https:\/\/irankiuzona.lt\/ru\/wp-json\/wp\/v2\/types\/product"}],"replies":[{"embeddable":true,"href":"https:\/\/irankiuzona.lt\/ru\/wp-json\/wp\/v2\/comments?post=253960"}],"version-history":[{"count":1,"href":"https:\/\/irankiuzona.lt\/ru\/wp-json\/wp\/v2\/product\/253960\/revisions"}],"predecessor-version":[{"id":419872,"href":"https:\/\/irankiuzona.lt\/ru\/wp-json\/wp\/v2\/product\/253960\/revisions\/419872"}],"wp:featuredmedia":[{"embeddable":true,"href":"https:\/\/irankiuzona.lt\/ru\/wp-json\/wp\/v2\/media\/253962"}],"wp:attachment":[{"href":"https:\/\/irankiuzona.lt\/ru\/wp-json\/wp\/v2\/media?parent=253960"}],"wp:term":[{"taxonomy":"product_cat","embeddable":true,"href":"https:\/\/irankiuzona.lt\/ru\/wp-json\/wp\/v2\/product_cat?post=253960"},{"taxonomy":"product_tag","embeddable":true,"href":"https:\/\/irankiuzona.lt\/ru\/wp-json\/wp\/v2\/product_tag?post=253960"}],"curies":[{"name":"wp","href":"https:\/\/api.w.org\/{rel}","templated":true}]}}