{"id":254002,"date":"2024-09-29T10:30:13","date_gmt":"2024-09-29T10:30:13","guid":{"rendered":"https:\/\/irankiuzona.lt\/product\/dujinis-piktzoliu-naikinimo-deglas-su-pjezo\/"},"modified":"2026-05-09T09:16:36","modified_gmt":"2026-05-09T09:16:36","slug":"dujinis-piktzoliu-naikinimo-deglas-su-pjezo","status":"publish","type":"product","link":"https:\/\/irankiuzona.lt\/ru\/product\/dujinis-piktzoliu-naikinimo-deglas-su-pjezo\/","title":{"rendered":"Dujinis Pikt\u017eoli\u0173 naikinimo deglas su pjezo"},"content":{"rendered":"","protected":false},"excerpt":{"rendered":"<p>Dujinis Pikt\u017eoli\u0173 naikinimo deglas su pjezo<\/p>","protected":false},"featured_media":254004,"comment_status":"open","ping_status":"open","template":"","meta":[],"product_cat":[9944],"product_tag":[9716],"class_list":{"0":"post-254002","1":"product","2":"type-product","3":"status-publish","4":"has-post-thumbnail","6":"product_brand-jufisto-lenkija","7":"product_cat-sodo-darzo-irankiai","8":"product_tag-jufisto-lenkija","10":"first","11":"instock","12":"purchasable","13":"product-type-simple"},"jetpack_sharing_enabled":true,"_links":{"self":[{"href":"https:\/\/irankiuzona.lt\/ru\/wp-json\/wp\/v2\/product\/254002","targetHints":{"allow":["GET"]}}],"collection":[{"href":"https:\/\/irankiuzona.lt\/ru\/wp-json\/wp\/v2\/product"}],"about":[{"href":"https:\/\/irankiuzona.lt\/ru\/wp-json\/wp\/v2\/types\/product"}],"replies":[{"embeddable":true,"href":"https:\/\/irankiuzona.lt\/ru\/wp-json\/wp\/v2\/comments?post=254002"}],"version-history":[{"count":1,"href":"https:\/\/irankiuzona.lt\/ru\/wp-json\/wp\/v2\/product\/254002\/revisions"}],"predecessor-version":[{"id":419886,"href":"https:\/\/irankiuzona.lt\/ru\/wp-json\/wp\/v2\/product\/254002\/revisions\/419886"}],"wp:featuredmedia":[{"embeddable":true,"href":"https:\/\/irankiuzona.lt\/ru\/wp-json\/wp\/v2\/media\/254004"}],"wp:attachment":[{"href":"https:\/\/irankiuzona.lt\/ru\/wp-json\/wp\/v2\/media?parent=254002"}],"wp:term":[{"taxonomy":"product_cat","embeddable":true,"href":"https:\/\/irankiuzona.lt\/ru\/wp-json\/wp\/v2\/product_cat?post=254002"},{"taxonomy":"product_tag","embeddable":true,"href":"https:\/\/irankiuzona.lt\/ru\/wp-json\/wp\/v2\/product_tag?post=254002"}],"curies":[{"name":"wp","href":"https:\/\/api.w.org\/{rel}","templated":true}]}}