{"id":254035,"date":"2024-09-29T10:30:18","date_gmt":"2024-09-29T10:30:18","guid":{"rendered":"https:\/\/irankiuzona.lt\/product\/raktai-sesiabriauniai-spalvoti-apv-15-10mm-9vnt\/"},"modified":"2026-04-04T01:24:59","modified_gmt":"2026-04-04T01:24:59","slug":"raktai-sesiabriauniai-spalvoti-apv-15-10mm-9vnt","status":"publish","type":"product","link":"https:\/\/irankiuzona.lt\/ru\/product\/raktai-sesiabriauniai-spalvoti-apv-15-10mm-9vnt\/","title":{"rendered":"Raktai \u0161e\u0161iabriauniai spalvoti apv. 1,5-10mm 9vnt."},"content":{"rendered":"<p>Rinkinyje 9 vnt;dyd\u017eiai: HEX: 1,5; 2; 2,5; 3; 4; 5; 6; 8; 10 ;prailginti, su sferiniu antgaliu.<\/p>","protected":false},"excerpt":{"rendered":"<p>Raktai \u0161e\u0161iabriauniai spalvoti apv. 1,5-10mm 9vnt.<\/p>","protected":false},"featured_media":254037,"comment_status":"open","ping_status":"open","template":"","meta":[],"product_cat":[10106],"product_tag":[9646],"class_list":{"0":"post-254035","1":"product","2":"type-product","3":"status-publish","4":"has-post-thumbnail","6":"product_brand-drel-lenkija","7":"product_cat-l-formos-torx-hex-spline-raktai-ju-komplektai","8":"product_tag-drel-lenkija","10":"first","11":"outofstock","12":"purchasable","13":"product-type-simple"},"jetpack_sharing_enabled":true,"_links":{"self":[{"href":"https:\/\/irankiuzona.lt\/ru\/wp-json\/wp\/v2\/product\/254035","targetHints":{"allow":["GET"]}}],"collection":[{"href":"https:\/\/irankiuzona.lt\/ru\/wp-json\/wp\/v2\/product"}],"about":[{"href":"https:\/\/irankiuzona.lt\/ru\/wp-json\/wp\/v2\/types\/product"}],"replies":[{"embeddable":true,"href":"https:\/\/irankiuzona.lt\/ru\/wp-json\/wp\/v2\/comments?post=254035"}],"version-history":[{"count":0,"href":"https:\/\/irankiuzona.lt\/ru\/wp-json\/wp\/v2\/product\/254035\/revisions"}],"wp:featuredmedia":[{"embeddable":true,"href":"https:\/\/irankiuzona.lt\/ru\/wp-json\/wp\/v2\/media\/254037"}],"wp:attachment":[{"href":"https:\/\/irankiuzona.lt\/ru\/wp-json\/wp\/v2\/media?parent=254035"}],"wp:term":[{"taxonomy":"product_cat","embeddable":true,"href":"https:\/\/irankiuzona.lt\/ru\/wp-json\/wp\/v2\/product_cat?post=254035"},{"taxonomy":"product_tag","embeddable":true,"href":"https:\/\/irankiuzona.lt\/ru\/wp-json\/wp\/v2\/product_tag?post=254035"}],"curies":[{"name":"wp","href":"https:\/\/api.w.org\/{rel}","templated":true}]}}