{"id":254059,"date":"2024-09-29T10:30:19","date_gmt":"2024-09-29T10:30:19","guid":{"rendered":"https:\/\/irankiuzona.lt\/product\/automobiliu-poliravimo-vaskas-450-ml\/"},"modified":"2026-05-14T17:09:04","modified_gmt":"2026-05-14T17:09:04","slug":"automobiliu-poliravimo-vaskas-450-ml","status":"publish","type":"product","link":"https:\/\/irankiuzona.lt\/ru\/product\/automobiliu-poliravimo-vaskas-450-ml\/","title":{"rendered":"Automobili\u0173 poliravimo va\u0161kas 450 ml"},"content":{"rendered":"","protected":false},"excerpt":{"rendered":"<p>Automobili\u0173 poliravimo va\u0161kas 450 ml<\/p>","protected":false},"featured_media":254061,"comment_status":"open","ping_status":"closed","template":"","meta":[],"product_cat":[9824],"product_tag":[9716],"class_list":{"0":"post-254059","1":"product","2":"type-product","3":"status-publish","4":"has-post-thumbnail","6":"product_brand-jufisto-lenkija","7":"product_cat-autochemija","8":"product_tag-jufisto-lenkija","10":"first","11":"instock","12":"purchasable","13":"product-type-simple"},"jetpack_sharing_enabled":true,"_links":{"self":[{"href":"https:\/\/irankiuzona.lt\/ru\/wp-json\/wp\/v2\/product\/254059","targetHints":{"allow":["GET"]}}],"collection":[{"href":"https:\/\/irankiuzona.lt\/ru\/wp-json\/wp\/v2\/product"}],"about":[{"href":"https:\/\/irankiuzona.lt\/ru\/wp-json\/wp\/v2\/types\/product"}],"replies":[{"embeddable":true,"href":"https:\/\/irankiuzona.lt\/ru\/wp-json\/wp\/v2\/comments?post=254059"}],"version-history":[{"count":1,"href":"https:\/\/irankiuzona.lt\/ru\/wp-json\/wp\/v2\/product\/254059\/revisions"}],"predecessor-version":[{"id":419905,"href":"https:\/\/irankiuzona.lt\/ru\/wp-json\/wp\/v2\/product\/254059\/revisions\/419905"}],"wp:featuredmedia":[{"embeddable":true,"href":"https:\/\/irankiuzona.lt\/ru\/wp-json\/wp\/v2\/media\/254061"}],"wp:attachment":[{"href":"https:\/\/irankiuzona.lt\/ru\/wp-json\/wp\/v2\/media?parent=254059"}],"wp:term":[{"taxonomy":"product_cat","embeddable":true,"href":"https:\/\/irankiuzona.lt\/ru\/wp-json\/wp\/v2\/product_cat?post=254059"},{"taxonomy":"product_tag","embeddable":true,"href":"https:\/\/irankiuzona.lt\/ru\/wp-json\/wp\/v2\/product_tag?post=254059"}],"curies":[{"name":"wp","href":"https:\/\/api.w.org\/{rel}","templated":true}]}}