{"id":254200,"date":"2024-09-29T10:30:31","date_gmt":"2024-09-29T10:30:31","guid":{"rendered":"https:\/\/irankiuzona.lt\/product\/kontaktiniu-automobiliniu-jungciu-komplektas-425daliu\/"},"modified":"2026-04-09T21:32:42","modified_gmt":"2026-04-09T21:32:42","slug":"kontaktiniu-automobiliniu-jungciu-komplektas-425daliu","status":"publish","type":"product","link":"https:\/\/irankiuzona.lt\/ru\/product\/kontaktiniu-automobiliniu-jungciu-komplektas-425daliu\/","title":{"rendered":"Kontaktini\u0173 automobilini\u0173 jung\u010di\u0173 komplektas 425dali\u0173"},"content":{"rendered":"<p>-40 \u00b0C\u00a0iki 120 \u00b0C<\/p>","protected":false},"excerpt":{"rendered":"<p>Kontaktini\u0173 automobilini\u0173 jung\u010di\u0173 komplektas 425dali\u0173<\/p>","protected":false},"featured_media":254202,"comment_status":"open","ping_status":"open","template":"","meta":[],"product_cat":[9654],"product_tag":[9845],"class_list":{"0":"post-254200","1":"product","2":"type-product","3":"status-publish","4":"has-post-thumbnail","6":"product_brand-vokietija-germany","7":"product_cat-jungtys-izoliacines-juostos","8":"product_tag-vokietija-germany","10":"first","11":"outofstock","12":"purchasable","13":"product-type-simple"},"jetpack_sharing_enabled":true,"_links":{"self":[{"href":"https:\/\/irankiuzona.lt\/ru\/wp-json\/wp\/v2\/product\/254200","targetHints":{"allow":["GET"]}}],"collection":[{"href":"https:\/\/irankiuzona.lt\/ru\/wp-json\/wp\/v2\/product"}],"about":[{"href":"https:\/\/irankiuzona.lt\/ru\/wp-json\/wp\/v2\/types\/product"}],"replies":[{"embeddable":true,"href":"https:\/\/irankiuzona.lt\/ru\/wp-json\/wp\/v2\/comments?post=254200"}],"version-history":[{"count":1,"href":"https:\/\/irankiuzona.lt\/ru\/wp-json\/wp\/v2\/product\/254200\/revisions"}],"predecessor-version":[{"id":419941,"href":"https:\/\/irankiuzona.lt\/ru\/wp-json\/wp\/v2\/product\/254200\/revisions\/419941"}],"wp:featuredmedia":[{"embeddable":true,"href":"https:\/\/irankiuzona.lt\/ru\/wp-json\/wp\/v2\/media\/254202"}],"wp:attachment":[{"href":"https:\/\/irankiuzona.lt\/ru\/wp-json\/wp\/v2\/media?parent=254200"}],"wp:term":[{"taxonomy":"product_cat","embeddable":true,"href":"https:\/\/irankiuzona.lt\/ru\/wp-json\/wp\/v2\/product_cat?post=254200"},{"taxonomy":"product_tag","embeddable":true,"href":"https:\/\/irankiuzona.lt\/ru\/wp-json\/wp\/v2\/product_tag?post=254200"}],"curies":[{"name":"wp","href":"https:\/\/api.w.org\/{rel}","templated":true}]}}