{"id":254227,"date":"2024-09-29T10:30:34","date_gmt":"2024-09-29T10:30:34","guid":{"rendered":"https:\/\/irankiuzona.lt\/product\/apsaugine-dazymo-juosta-48mm-x-50m-melyna\/"},"modified":"2026-05-15T01:43:01","modified_gmt":"2026-05-15T01:43:01","slug":"apsaugine-dazymo-juosta-48mm-x-50m-melyna","status":"publish","type":"product","link":"https:\/\/irankiuzona.lt\/ru\/product\/apsaugine-dazymo-juosta-48mm-x-50m-melyna\/","title":{"rendered":"Apsaugin\u0117 da\u017eymo juosta 48mm x 50m \/ m\u0117lyna"},"content":{"rendered":"<p>M\u0117lyna da\u017eymo izoliacine juosta. Popieriaus matmenys 50 m \/ 48 mm. Atsparus UV spinduliams. Naudojama siekiant apsaugoti kra\u0161tus ir kit\u0173 pavir\u0161i\u0173 u\u017eter\u0161tum\u0105 darbo metu &#8211; tinkavimo ar da\u017eymo, pastat\u0173 viduje ir i\u0161or\u0117je<\/p>","protected":false},"excerpt":{"rendered":"<p>Apsaugin\u0117 da\u017eymo juosta 48mm x 50m \/ m\u0117lynos spalvos<\/p>","protected":false},"featured_media":254229,"comment_status":"open","ping_status":"open","template":"","meta":[],"product_cat":[9486],"product_tag":[9467],"class_list":{"0":"post-254227","1":"product","2":"type-product","3":"status-publish","4":"has-post-thumbnail","6":"product_brand-vorel-lenkija","7":"product_cat-dazymo-skaidrios-lipnios-juostos","8":"product_tag-vorel-lenkija","10":"first","11":"outofstock","12":"purchasable","13":"product-type-simple"},"jetpack_sharing_enabled":true,"_links":{"self":[{"href":"https:\/\/irankiuzona.lt\/ru\/wp-json\/wp\/v2\/product\/254227","targetHints":{"allow":["GET"]}}],"collection":[{"href":"https:\/\/irankiuzona.lt\/ru\/wp-json\/wp\/v2\/product"}],"about":[{"href":"https:\/\/irankiuzona.lt\/ru\/wp-json\/wp\/v2\/types\/product"}],"replies":[{"embeddable":true,"href":"https:\/\/irankiuzona.lt\/ru\/wp-json\/wp\/v2\/comments?post=254227"}],"version-history":[{"count":1,"href":"https:\/\/irankiuzona.lt\/ru\/wp-json\/wp\/v2\/product\/254227\/revisions"}],"predecessor-version":[{"id":419950,"href":"https:\/\/irankiuzona.lt\/ru\/wp-json\/wp\/v2\/product\/254227\/revisions\/419950"}],"wp:featuredmedia":[{"embeddable":true,"href":"https:\/\/irankiuzona.lt\/ru\/wp-json\/wp\/v2\/media\/254229"}],"wp:attachment":[{"href":"https:\/\/irankiuzona.lt\/ru\/wp-json\/wp\/v2\/media?parent=254227"}],"wp:term":[{"taxonomy":"product_cat","embeddable":true,"href":"https:\/\/irankiuzona.lt\/ru\/wp-json\/wp\/v2\/product_cat?post=254227"},{"taxonomy":"product_tag","embeddable":true,"href":"https:\/\/irankiuzona.lt\/ru\/wp-json\/wp\/v2\/product_tag?post=254227"}],"curies":[{"name":"wp","href":"https:\/\/api.w.org\/{rel}","templated":true}]}}